{"id":998,"date":"2022-04-07T10:20:32","date_gmt":"2022-04-07T10:20:32","guid":{"rendered":"https:\/\/cascinavignole.com\/azienda-agricola\/"},"modified":"2022-04-29T15:58:01","modified_gmt":"2022-04-29T15:58:01","slug":"bauernhof","status":"publish","type":"page","link":"https:\/\/cascinavignole.com\/de\/bauernhof\/","title":{"rendered":"Bauernhof"},"content":{"rendered":"<p>[vc_row css_animation=&#8220;&#8220; row_type=&#8220;row&#8220; use_row_as_full_screen_section=&#8220;no&#8220; type=&#8220;grid&#8220; angled_section=&#8220;no&#8220; text_align=&#8220;center&#8220; background_image_as_pattern=&#8220;without_pattern&#8220; css=&#8220;.vc_custom_1478162832494{padding-top: 80px !important;}&#8220;][vc_column][vc_empty_space height=&#8220;26px&#8220;][vc_column_text]<\/p>\n<div class=\"elementor-element elementor-element-6dc8b88 elementor-widget elementor-widget-heading\" data-id=\"6dc8b88\" data-element_type=\"widget\" data-widget_type=\"heading.default\">\n<div class=\"elementor-widget-container\">\n<p>Unser Bauernhof besch\u00e4ftigt sich mit dem Anbau von Gem\u00fcse, Obstpflanzen, Haseln\u00fcssen und Weinreben.<br \/>\nWir k\u00fcmmern uns pers\u00f6nlich um die Bewirtschaftung des Gem\u00fcsegartens, damit Sie immer frische Produkte auf dem Tisch haben und die, die wir nicht haben, kaufen wir bei km 0 von anderen Produzenten.<\/p>\n<\/div>\n<\/div>\n<p>[\/vc_column_text][vc_empty_space height=&#8220;25px&#8220;][vc_row_inner row_type=&#8220;row&#8220; type=&#8220;full_width&#8220; text_align=&#8220;left&#8220; css_animation=&#8220;&#8220; css=&#8220;.vc_custom_1648727468016{padding-top: 50px !important;padding-bottom: 50px !important;}&#8220;][vc_column_inner width=&#8220;1\/2&#8243;][vc_single_image image=&#8220;1228&#8243; img_size=&#8220;full&#8220; qode_css_animation=&#8220;&#8220;][vc_empty_space][\/vc_column_inner][vc_column_inner width=&#8220;1\/2&#8243;][vc_single_image image=&#8220;1231&#8243; img_size=&#8220;full&#8220; qode_css_animation=&#8220;&#8220;][\/vc_column_inner][\/vc_row_inner][\/vc_column][\/vc_row]<\/p>\n","protected":false},"excerpt":{"rendered":"<p>[vc_row css_animation=&#8220;&#8220; row_type=&#8220;row&#8220; use_row_as_full_screen_section=&#8220;no&#8220; type=&#8220;grid&#8220; angled_section=&#8220;no&#8220; text_align=&#8220;center&#8220; background_image_as_pattern=&#8220;without_pattern&#8220; css=&#8220;.vc_custom_1478162832494{padding-top: 80px !important;}&#8220;][vc_column][vc_empty_space height=&#8220;26px&#8220;][vc_column_text] Unser Bauernhof besch\u00e4ftigt sich mit dem Anbau von Gem\u00fcse, Obstpflanzen, Haseln\u00fcssen und Weinreben. Wir k\u00fcmmern uns pers\u00f6nlich um die Bewirtschaftung des Gem\u00fcsegartens, damit Sie immer frische Produkte auf dem Tisch haben und die,&#8230;<\/p>\n","protected":false},"author":1,"featured_media":0,"parent":0,"menu_order":0,"comment_status":"closed","ping_status":"closed","template":"full_width.php","meta":[],"yoast_head":"<!-- This site is optimized with the Yoast SEO plugin v18.9 - https:\/\/yoast.com\/wordpress\/plugins\/seo\/ -->\n<title>Bauernhof - Agriturismo Asti Cascina Vignole<\/title>\n<meta name=\"robots\" content=\"index, follow, max-snippet:-1, max-image-preview:large, max-video-preview:-1\" \/>\n<link rel=\"canonical\" href=\"https:\/\/cascinavignole.com\/de\/bauernhof\/\" \/>\n<meta property=\"og:locale\" content=\"de_DE\" \/>\n<meta property=\"og:type\" content=\"article\" \/>\n<meta property=\"og:title\" content=\"Bauernhof - Agriturismo Asti Cascina Vignole\" \/>\n<meta property=\"og:description\" content=\"[vc_row css_animation=&#8220;&#8220; row_type=&#8220;row&#8220; use_row_as_full_screen_section=&#8220;no&#8220; type=&#8220;grid&#8220; angled_section=&#8220;no&#8220; text_align=&#8220;center&#8220; background_image_as_pattern=&#8220;without_pattern&#8220; css=&#8220;.vc_custom_1478162832494{padding-top: 80px !important;}&#8220;][vc_column][vc_empty_space height=&#8220;26px&#8220;][vc_column_text] Unser Bauernhof besch\u00e4ftigt sich mit dem Anbau von Gem\u00fcse, Obstpflanzen, Haseln\u00fcssen und Weinreben. Wir k\u00fcmmern uns pers\u00f6nlich um die Bewirtschaftung des Gem\u00fcsegartens, damit Sie immer frische Produkte auf dem Tisch haben und die,...\" \/>\n<meta property=\"og:url\" content=\"https:\/\/cascinavignole.com\/de\/bauernhof\/\" \/>\n<meta property=\"og:site_name\" content=\"Agriturismo Asti Cascina Vignole\" \/>\n<meta property=\"article:modified_time\" content=\"2022-04-29T15:58:01+00:00\" \/>\n<meta name=\"twitter:card\" content=\"summary_large_image\" \/>\n<meta name=\"twitter:label1\" content=\"Gesch\u00e4tzte Lesezeit\" \/>\n\t<meta name=\"twitter:data1\" content=\"1 Minute\" \/>\n<script type=\"application\/ld+json\" class=\"yoast-schema-graph\">{\"@context\":\"https:\/\/schema.org\",\"@graph\":[{\"@type\":\"WebSite\",\"@id\":\"https:\/\/cascinavignole.com\/#website\",\"url\":\"https:\/\/cascinavignole.com\/\",\"name\":\"Agriturismo Asti Cascina Vignole\",\"description\":\"Agriturismo Asti\",\"potentialAction\":[{\"@type\":\"SearchAction\",\"target\":{\"@type\":\"EntryPoint\",\"urlTemplate\":\"https:\/\/cascinavignole.com\/?s={search_term_string}\"},\"query-input\":\"required name=search_term_string\"}],\"inLanguage\":\"de-DE\"},{\"@type\":\"WebPage\",\"@id\":\"https:\/\/cascinavignole.com\/de\/bauernhof\/#webpage\",\"url\":\"https:\/\/cascinavignole.com\/de\/bauernhof\/\",\"name\":\"Bauernhof - Agriturismo Asti Cascina Vignole\",\"isPartOf\":{\"@id\":\"https:\/\/cascinavignole.com\/#website\"},\"datePublished\":\"2022-04-07T10:20:32+00:00\",\"dateModified\":\"2022-04-29T15:58:01+00:00\",\"breadcrumb\":{\"@id\":\"https:\/\/cascinavignole.com\/de\/bauernhof\/#breadcrumb\"},\"inLanguage\":\"de-DE\",\"potentialAction\":[{\"@type\":\"ReadAction\",\"target\":[\"https:\/\/cascinavignole.com\/de\/bauernhof\/\"]}]},{\"@type\":\"BreadcrumbList\",\"@id\":\"https:\/\/cascinavignole.com\/de\/bauernhof\/#breadcrumb\",\"itemListElement\":[{\"@type\":\"ListItem\",\"position\":1,\"name\":\"Home\",\"item\":\"https:\/\/cascinavignole.com\/de\/\"},{\"@type\":\"ListItem\",\"position\":2,\"name\":\"Bauernhof\"}]}]}<\/script>\n<!-- \/ Yoast SEO plugin. -->","yoast_head_json":{"title":"Bauernhof - Agriturismo Asti Cascina Vignole","robots":{"index":"index","follow":"follow","max-snippet":"max-snippet:-1","max-image-preview":"max-image-preview:large","max-video-preview":"max-video-preview:-1"},"canonical":"https:\/\/cascinavignole.com\/de\/bauernhof\/","og_locale":"de_DE","og_type":"article","og_title":"Bauernhof - Agriturismo Asti Cascina Vignole","og_description":"[vc_row css_animation=&#8220;&#8220; row_type=&#8220;row&#8220; use_row_as_full_screen_section=&#8220;no&#8220; type=&#8220;grid&#8220; angled_section=&#8220;no&#8220; text_align=&#8220;center&#8220; background_image_as_pattern=&#8220;without_pattern&#8220; css=&#8220;.vc_custom_1478162832494{padding-top: 80px !important;}&#8220;][vc_column][vc_empty_space height=&#8220;26px&#8220;][vc_column_text] Unser Bauernhof besch\u00e4ftigt sich mit dem Anbau von Gem\u00fcse, Obstpflanzen, Haseln\u00fcssen und Weinreben. Wir k\u00fcmmern uns pers\u00f6nlich um die Bewirtschaftung des Gem\u00fcsegartens, damit Sie immer frische Produkte auf dem Tisch haben und die,...","og_url":"https:\/\/cascinavignole.com\/de\/bauernhof\/","og_site_name":"Agriturismo Asti Cascina Vignole","article_modified_time":"2022-04-29T15:58:01+00:00","twitter_card":"summary_large_image","twitter_misc":{"Gesch\u00e4tzte Lesezeit":"1 Minute"},"schema":{"@context":"https:\/\/schema.org","@graph":[{"@type":"WebSite","@id":"https:\/\/cascinavignole.com\/#website","url":"https:\/\/cascinavignole.com\/","name":"Agriturismo Asti Cascina Vignole","description":"Agriturismo Asti","potentialAction":[{"@type":"SearchAction","target":{"@type":"EntryPoint","urlTemplate":"https:\/\/cascinavignole.com\/?s={search_term_string}"},"query-input":"required name=search_term_string"}],"inLanguage":"de-DE"},{"@type":"WebPage","@id":"https:\/\/cascinavignole.com\/de\/bauernhof\/#webpage","url":"https:\/\/cascinavignole.com\/de\/bauernhof\/","name":"Bauernhof - Agriturismo Asti Cascina Vignole","isPartOf":{"@id":"https:\/\/cascinavignole.com\/#website"},"datePublished":"2022-04-07T10:20:32+00:00","dateModified":"2022-04-29T15:58:01+00:00","breadcrumb":{"@id":"https:\/\/cascinavignole.com\/de\/bauernhof\/#breadcrumb"},"inLanguage":"de-DE","potentialAction":[{"@type":"ReadAction","target":["https:\/\/cascinavignole.com\/de\/bauernhof\/"]}]},{"@type":"BreadcrumbList","@id":"https:\/\/cascinavignole.com\/de\/bauernhof\/#breadcrumb","itemListElement":[{"@type":"ListItem","position":1,"name":"Home","item":"https:\/\/cascinavignole.com\/de\/"},{"@type":"ListItem","position":2,"name":"Bauernhof"}]}]}},"_links":{"self":[{"href":"https:\/\/cascinavignole.com\/de\/wp-json\/wp\/v2\/pages\/998"}],"collection":[{"href":"https:\/\/cascinavignole.com\/de\/wp-json\/wp\/v2\/pages"}],"about":[{"href":"https:\/\/cascinavignole.com\/de\/wp-json\/wp\/v2\/types\/page"}],"author":[{"embeddable":true,"href":"https:\/\/cascinavignole.com\/de\/wp-json\/wp\/v2\/users\/1"}],"replies":[{"embeddable":true,"href":"https:\/\/cascinavignole.com\/de\/wp-json\/wp\/v2\/comments?post=998"}],"version-history":[{"count":7,"href":"https:\/\/cascinavignole.com\/de\/wp-json\/wp\/v2\/pages\/998\/revisions"}],"predecessor-version":[{"id":1239,"href":"https:\/\/cascinavignole.com\/de\/wp-json\/wp\/v2\/pages\/998\/revisions\/1239"}],"wp:attachment":[{"href":"https:\/\/cascinavignole.com\/de\/wp-json\/wp\/v2\/media?parent=998"}],"curies":[{"name":"wp","href":"https:\/\/api.w.org\/{rel}","templated":true}]}}