{"id":982,"date":"2022-04-07T08:59:55","date_gmt":"2022-04-07T08:59:55","guid":{"rendered":"https:\/\/cascinavignole.com\/alba-langhe\/"},"modified":"2022-04-22T12:30:13","modified_gmt":"2022-04-22T12:30:13","slug":"alba-langhe","status":"publish","type":"page","link":"https:\/\/cascinavignole.com\/de\/alba-langhe\/","title":{"rendered":"Alba"},"content":{"rendered":"<p>[vc_row css_animation=&#8220;&#8220; row_type=&#8220;row&#8220; use_row_as_full_screen_section=&#8220;no&#8220; type=&#8220;grid&#8220; angled_section=&#8220;no&#8220; text_align=&#8220;center&#8220; background_image_as_pattern=&#8220;without_pattern&#8220; css=&#8220;.vc_custom_1478162832494{padding-top: 80px !important;}&#8220;][vc_column][vc_row_inner row_type=&#8220;row&#8220; type=&#8220;full_width&#8220; text_align=&#8220;left&#8220; css_animation=&#8220;&#8220; css=&#8220;.vc_custom_1648727468016{padding-top: 50px !important;padding-bottom: 50px !important;}&#8220;][vc_column_inner width=&#8220;1\/3&#8243;][vc_gallery type=&#8220;flexslider_slide&#8220; interval=&#8220;3&#8243; images=&#8220;973,971,977,979&#8243; img_size=&#8220;full&#8220;][\/vc_column_inner][vc_column_inner width=&#8220;2\/3&#8243;][vc_empty_space height=&#8220;26px&#8220;][vc_column_text]<\/p>\n<h2>Alba, Piemonte<\/h2>\n<p>[\/vc_column_text][vc_empty_space height=&#8220;25px&#8220;][vc_column_text]<\/p>\n<h3>Entdecken Sie die Stadt Alba im Piemont<\/h3>\n<p>[\/vc_column_text][vc_empty_space height=&#8220;25px&#8220;][vc_column_text]Alba, am rechten Ufer des Flusses Tanaro gelegen, liegt in der Provinz Cuneo, 50 km s\u00fcd\u00f6stlich von Turin und hat etwa 30.000 Einwohner.<br \/>\nSie gilt als Hauptstadt der Langhe und zeichnet sich durch einen florierenden Lebensmittel- und Weinhandel aus, unter dem nicht nur Rotwein, wei\u00dfe Tr\u00fcffel, Schokolade und Seide hervorstechen.<br \/>\nDie mittelalterliche Altstadt hat eine sechseckige Basis, sie wurde verst\u00e4rkt und von Mauern umgeben, die im 18. Jahrhundert abgerissen wurden; sie wird die \u201eStadt der hundert T\u00fcrme\u201c genannt, auch wenn es derzeit etwa zwanzig sind und mit den damaligen Adelsresidenzen verschmolzen sind.<br \/>\nEs beherbergt zahlreiche Gesch\u00e4fte, Weinstuben und Restaurants, die typische und handwerkliche Produkte der Region anbieten, Spezialit\u00e4ten, die auch auf der im Oktober stattfindenden Internationalen Tr\u00fcffelmesse ausgestellt werden.[\/vc_column_text][\/vc_column_inner][\/vc_row_inner][\/vc_column][\/vc_row]<\/p>\n","protected":false},"excerpt":{"rendered":"<p>[vc_row css_animation=&#8220;&#8220; row_type=&#8220;row&#8220; use_row_as_full_screen_section=&#8220;no&#8220; type=&#8220;grid&#8220; angled_section=&#8220;no&#8220; text_align=&#8220;center&#8220; background_image_as_pattern=&#8220;without_pattern&#8220; css=&#8220;.vc_custom_1478162832494{padding-top: 80px !important;}&#8220;][vc_column][vc_row_inner row_type=&#8220;row&#8220; type=&#8220;full_width&#8220; text_align=&#8220;left&#8220; css_animation=&#8220;&#8220; css=&#8220;.vc_custom_1648727468016{padding-top: 50px !important;padding-bottom: 50px !important;}&#8220;][vc_column_inner width=&#8220;1\/3&#8243;][vc_gallery type=&#8220;flexslider_slide&#8220; interval=&#8220;3&#8243; images=&#8220;973,971,977,979&#8243; img_size=&#8220;full&#8220;][\/vc_column_inner][vc_column_inner width=&#8220;2\/3&#8243;][vc_empty_space height=&#8220;26px&#8220;][vc_column_text] Alba, Piemonte [\/vc_column_text][vc_empty_space height=&#8220;25px&#8220;][vc_column_text] Entdecken Sie die Stadt Alba im Piemont [\/vc_column_text][vc_empty_space height=&#8220;25px&#8220;][vc_column_text]Alba, am rechten Ufer des Flusses&#8230;<\/p>\n","protected":false},"author":1,"featured_media":0,"parent":0,"menu_order":0,"comment_status":"closed","ping_status":"closed","template":"full_width.php","meta":[],"yoast_head":"<!-- This site is optimized with the Yoast SEO plugin v18.9 - https:\/\/yoast.com\/wordpress\/plugins\/seo\/ -->\n<title>Alba - Agriturismo Asti Cascina Vignole<\/title>\n<meta name=\"robots\" content=\"index, follow, max-snippet:-1, max-image-preview:large, max-video-preview:-1\" \/>\n<link rel=\"canonical\" href=\"https:\/\/cascinavignole.com\/de\/alba-langhe\/\" \/>\n<meta property=\"og:locale\" content=\"de_DE\" \/>\n<meta property=\"og:type\" content=\"article\" \/>\n<meta property=\"og:title\" content=\"Alba - Agriturismo Asti Cascina Vignole\" \/>\n<meta property=\"og:description\" content=\"[vc_row css_animation=&#8220;&#8220; row_type=&#8220;row&#8220; use_row_as_full_screen_section=&#8220;no&#8220; type=&#8220;grid&#8220; angled_section=&#8220;no&#8220; text_align=&#8220;center&#8220; background_image_as_pattern=&#8220;without_pattern&#8220; css=&#8220;.vc_custom_1478162832494{padding-top: 80px !important;}&#8220;][vc_column][vc_row_inner row_type=&#8220;row&#8220; type=&#8220;full_width&#8220; text_align=&#8220;left&#8220; css_animation=&#8220;&#8220; css=&#8220;.vc_custom_1648727468016{padding-top: 50px !important;padding-bottom: 50px !important;}&#8220;][vc_column_inner width=&#8220;1\/3&#8243;][vc_gallery type=&#8220;flexslider_slide&#8220; interval=&#8220;3&#8243; images=&#8220;973,971,977,979&#8243; img_size=&#8220;full&#8220;][\/vc_column_inner][vc_column_inner width=&#8220;2\/3&#8243;][vc_empty_space height=&#8220;26px&#8220;][vc_column_text] Alba, Piemonte [\/vc_column_text][vc_empty_space height=&#8220;25px&#8220;][vc_column_text] Entdecken Sie die Stadt Alba im Piemont [\/vc_column_text][vc_empty_space height=&#8220;25px&#8220;][vc_column_text]Alba, am rechten Ufer des Flusses...\" \/>\n<meta property=\"og:url\" content=\"https:\/\/cascinavignole.com\/de\/alba-langhe\/\" \/>\n<meta property=\"og:site_name\" content=\"Agriturismo Asti Cascina Vignole\" \/>\n<meta property=\"article:modified_time\" content=\"2022-04-22T12:30:13+00:00\" \/>\n<meta name=\"twitter:card\" content=\"summary_large_image\" \/>\n<meta name=\"twitter:label1\" content=\"Gesch\u00e4tzte Lesezeit\" \/>\n\t<meta name=\"twitter:data1\" content=\"1 Minute\" \/>\n<script type=\"application\/ld+json\" class=\"yoast-schema-graph\">{\"@context\":\"https:\/\/schema.org\",\"@graph\":[{\"@type\":\"WebSite\",\"@id\":\"https:\/\/cascinavignole.com\/#website\",\"url\":\"https:\/\/cascinavignole.com\/\",\"name\":\"Agriturismo Asti Cascina Vignole\",\"description\":\"Agriturismo Asti\",\"potentialAction\":[{\"@type\":\"SearchAction\",\"target\":{\"@type\":\"EntryPoint\",\"urlTemplate\":\"https:\/\/cascinavignole.com\/?s={search_term_string}\"},\"query-input\":\"required name=search_term_string\"}],\"inLanguage\":\"de-DE\"},{\"@type\":\"WebPage\",\"@id\":\"https:\/\/cascinavignole.com\/de\/alba-langhe\/#webpage\",\"url\":\"https:\/\/cascinavignole.com\/de\/alba-langhe\/\",\"name\":\"Alba - Agriturismo Asti Cascina Vignole\",\"isPartOf\":{\"@id\":\"https:\/\/cascinavignole.com\/#website\"},\"datePublished\":\"2022-04-07T08:59:55+00:00\",\"dateModified\":\"2022-04-22T12:30:13+00:00\",\"breadcrumb\":{\"@id\":\"https:\/\/cascinavignole.com\/de\/alba-langhe\/#breadcrumb\"},\"inLanguage\":\"de-DE\",\"potentialAction\":[{\"@type\":\"ReadAction\",\"target\":[\"https:\/\/cascinavignole.com\/de\/alba-langhe\/\"]}]},{\"@type\":\"BreadcrumbList\",\"@id\":\"https:\/\/cascinavignole.com\/de\/alba-langhe\/#breadcrumb\",\"itemListElement\":[{\"@type\":\"ListItem\",\"position\":1,\"name\":\"Home\",\"item\":\"https:\/\/cascinavignole.com\/de\/\"},{\"@type\":\"ListItem\",\"position\":2,\"name\":\"Alba\"}]}]}<\/script>\n<!-- \/ Yoast SEO plugin. -->","yoast_head_json":{"title":"Alba - Agriturismo Asti Cascina Vignole","robots":{"index":"index","follow":"follow","max-snippet":"max-snippet:-1","max-image-preview":"max-image-preview:large","max-video-preview":"max-video-preview:-1"},"canonical":"https:\/\/cascinavignole.com\/de\/alba-langhe\/","og_locale":"de_DE","og_type":"article","og_title":"Alba - Agriturismo Asti Cascina Vignole","og_description":"[vc_row css_animation=&#8220;&#8220; row_type=&#8220;row&#8220; use_row_as_full_screen_section=&#8220;no&#8220; type=&#8220;grid&#8220; angled_section=&#8220;no&#8220; text_align=&#8220;center&#8220; background_image_as_pattern=&#8220;without_pattern&#8220; css=&#8220;.vc_custom_1478162832494{padding-top: 80px !important;}&#8220;][vc_column][vc_row_inner row_type=&#8220;row&#8220; type=&#8220;full_width&#8220; text_align=&#8220;left&#8220; css_animation=&#8220;&#8220; css=&#8220;.vc_custom_1648727468016{padding-top: 50px !important;padding-bottom: 50px !important;}&#8220;][vc_column_inner width=&#8220;1\/3&#8243;][vc_gallery type=&#8220;flexslider_slide&#8220; interval=&#8220;3&#8243; images=&#8220;973,971,977,979&#8243; img_size=&#8220;full&#8220;][\/vc_column_inner][vc_column_inner width=&#8220;2\/3&#8243;][vc_empty_space height=&#8220;26px&#8220;][vc_column_text] Alba, Piemonte [\/vc_column_text][vc_empty_space height=&#8220;25px&#8220;][vc_column_text] Entdecken Sie die Stadt Alba im Piemont [\/vc_column_text][vc_empty_space height=&#8220;25px&#8220;][vc_column_text]Alba, am rechten Ufer des Flusses...","og_url":"https:\/\/cascinavignole.com\/de\/alba-langhe\/","og_site_name":"Agriturismo Asti Cascina Vignole","article_modified_time":"2022-04-22T12:30:13+00:00","twitter_card":"summary_large_image","twitter_misc":{"Gesch\u00e4tzte Lesezeit":"1 Minute"},"schema":{"@context":"https:\/\/schema.org","@graph":[{"@type":"WebSite","@id":"https:\/\/cascinavignole.com\/#website","url":"https:\/\/cascinavignole.com\/","name":"Agriturismo Asti Cascina Vignole","description":"Agriturismo Asti","potentialAction":[{"@type":"SearchAction","target":{"@type":"EntryPoint","urlTemplate":"https:\/\/cascinavignole.com\/?s={search_term_string}"},"query-input":"required name=search_term_string"}],"inLanguage":"de-DE"},{"@type":"WebPage","@id":"https:\/\/cascinavignole.com\/de\/alba-langhe\/#webpage","url":"https:\/\/cascinavignole.com\/de\/alba-langhe\/","name":"Alba - Agriturismo Asti Cascina Vignole","isPartOf":{"@id":"https:\/\/cascinavignole.com\/#website"},"datePublished":"2022-04-07T08:59:55+00:00","dateModified":"2022-04-22T12:30:13+00:00","breadcrumb":{"@id":"https:\/\/cascinavignole.com\/de\/alba-langhe\/#breadcrumb"},"inLanguage":"de-DE","potentialAction":[{"@type":"ReadAction","target":["https:\/\/cascinavignole.com\/de\/alba-langhe\/"]}]},{"@type":"BreadcrumbList","@id":"https:\/\/cascinavignole.com\/de\/alba-langhe\/#breadcrumb","itemListElement":[{"@type":"ListItem","position":1,"name":"Home","item":"https:\/\/cascinavignole.com\/de\/"},{"@type":"ListItem","position":2,"name":"Alba"}]}]}},"_links":{"self":[{"href":"https:\/\/cascinavignole.com\/de\/wp-json\/wp\/v2\/pages\/982"}],"collection":[{"href":"https:\/\/cascinavignole.com\/de\/wp-json\/wp\/v2\/pages"}],"about":[{"href":"https:\/\/cascinavignole.com\/de\/wp-json\/wp\/v2\/types\/page"}],"author":[{"embeddable":true,"href":"https:\/\/cascinavignole.com\/de\/wp-json\/wp\/v2\/users\/1"}],"replies":[{"embeddable":true,"href":"https:\/\/cascinavignole.com\/de\/wp-json\/wp\/v2\/comments?post=982"}],"version-history":[{"count":3,"href":"https:\/\/cascinavignole.com\/de\/wp-json\/wp\/v2\/pages\/982\/revisions"}],"predecessor-version":[{"id":987,"href":"https:\/\/cascinavignole.com\/de\/wp-json\/wp\/v2\/pages\/982\/revisions\/987"}],"wp:attachment":[{"href":"https:\/\/cascinavignole.com\/de\/wp-json\/wp\/v2\/media?parent=982"}],"curies":[{"name":"wp","href":"https:\/\/api.w.org\/{rel}","templated":true}]}}