{"id":1145,"date":"2016-08-30T12:04:38","date_gmt":"2016-08-30T12:04:38","guid":{"rendered":"https:\/\/cascinavignole.com\/home\/"},"modified":"2024-06-18T09:18:48","modified_gmt":"2024-06-18T09:18:48","slug":"home","status":"publish","type":"page","link":"https:\/\/cascinavignole.com\/de\/","title":{"rendered":"Home"},"content":{"rendered":"<p>[vc_row css_animation=&#8220;&#8220; row_type=&#8220;row&#8220; use_row_as_full_screen_section=&#8220;no&#8220; type=&#8220;grid&#8220; angled_section=&#8220;no&#8220; text_align=&#8220;center&#8220; background_image_as_pattern=&#8220;without_pattern&#8220; css=&#8220;.vc_custom_1648563113880{padding-top: 90px !important;padding-bottom: 40px !important;}&#8220; z_index=&#8220;&#8220;][vc_column width=&#8220;1\/2&#8243;][vc_empty_space height=&#8220;26px&#8220;][vc_column_text]<\/p>\n<h2>Agriturismo Cascina Vignole<\/h2>\n<p>[\/vc_column_text][vc_empty_space height=&#8220;25px&#8220;][vc_column_text]<\/p>\n<h3>Bei uns sind Sie unser Gast: in Montafia bei Asti im Piemont. Entspannung, guter Wein und lokales Essen in den H\u00fcgeln des Monferrato.<\/h3>\n<p>[\/vc_column_text][vc_empty_space height=&#8220;25px&#8220;]<a  itemprop=\"url\" href=\"https:\/\/cascinavignole.com\/de\/cascina-vignole-agriturismo\/\" target=\"_self\"  class=\"qbutton  default\" style=\"\">Wer wir sind<\/a>[vc_empty_space height=&#8220;70&#8243;][\/vc_column][vc_column width=&#8220;1\/2&#8243;][vc_video link=&#8220;https:\/\/youtu.be\/P2O4Dd7LZhc&#8220;][\/vc_column][\/vc_row][vc_row css_animation=&#8220;&#8220; row_type=&#8220;row&#8220; use_row_as_full_screen_section=&#8220;no&#8220; type=&#8220;full_width&#8220; angled_section=&#8220;no&#8220; text_align=&#8220;center&#8220; background_image_as_pattern=&#8220;without_pattern&#8220; background_image=&#8220;192&#8243; css=&#8220;.vc_custom_1648563006968{padding-top: 50px !important;}&#8220; z_index=&#8220;&#8220;][vc_column css=&#8220;.vc_custom_1472560958663{padding-top: 90px !important;padding-bottom: 129px !important;}&#8220;][vc_single_image image=&#8220;630&#8243; img_size=&#8220;full&#8220; alignment=&#8220;center&#8220; qode_css_animation=&#8220;&#8220;][vc_empty_space height=&#8220;26px&#8220;][vc_empty_space height=&#8220;25px&#8220;][\/vc_column][\/vc_row][vc_row css_animation=&#8220;&#8220; row_type=&#8220;row&#8220; use_row_as_full_screen_section=&#8220;no&#8220; type=&#8220;grid&#8220; angled_section=&#8220;no&#8220; text_align=&#8220;left&#8220; background_image_as_pattern=&#8220;without_pattern&#8220; z_index=&#8220;&#8220; css=&#8220;.vc_custom_1648563031954{margin-top: 30px !important;}&#8220;][vc_column][vc_row_inner row_type=&#8220;row&#8220; type=&#8220;full_width&#8220; text_align=&#8220;left&#8220; css_animation=&#8220;&#8220; css=&#8220;.vc_custom_1648560949906{margin-top: 30px !important;}&#8220;][vc_column_inner width=&#8220;1\/3&#8243;][vc_single_image image=&#8220;634&#8243; img_size=&#8220;full&#8220; style=&#8220;vc_box_shadow_border&#8220; qode_css_animation=&#8220;&#8220;][\/vc_column_inner][vc_column_inner width=&#8220;2\/3&#8243;][vc_column_text]<\/p>\n<h3>Willkommen in der Cascina Vignole!<\/h3>\n<p>[\/vc_column_text][vc_separator type=&#8220;small&#8220; position=&#8220;left&#8220; color=&#8220;#932623&#8243;][vc_column_text]Willkommen in Montafia Unser Cascina liegt in Monferrato im Herzen des Piemont, umgeben von Asti, Alba und Turin, nur 90 km von Genua und 90 km vom Aostatal entfernt, und ist der ideale Ausgangspunkt, um das Piemont zu entdecken. Besuchen Sie uns auf unserer Seite.[\/vc_column_text][\/vc_column_inner][\/vc_row_inner][vc_row_inner row_type=&#8220;row&#8220; type=&#8220;full_width&#8220; text_align=&#8220;left&#8220; css_animation=&#8220;&#8220; css=&#8220;.vc_custom_1648560949906{margin-top: 30px !important;}&#8220;][vc_column_inner width=&#8220;2\/3&#8243; css=&#8220;.vc_custom_1648561754218{padding-top: 50px !important;}&#8220;][vc_column_text]<\/p>\n<h3>Famili\u00e4re Atmosph\u00e4re<\/h3>\n<p>[\/vc_column_text][vc_separator type=&#8220;small&#8220; position=&#8220;left&#8220; color=&#8220;#932623&#8243;][vc_column_text]Die 9 Zimmer und ein Apartment sind sch\u00f6n und funktional, einige Zimmer haben wir mit Blumenmotiven handbemalt und einige Kleiderschr\u00e4nke und Betten wurden renoviert und von alten piemontesischen Schl\u00f6ssern und Bauernh\u00e4usern \u00fcbernommen, eine sehr entspannende und angenehme Umgebung.[\/vc_column_text][\/vc_column_inner][vc_column_inner width=&#8220;1\/3&#8243;][vc_single_image image=&#8220;636&#8243; img_size=&#8220;full&#8220; style=&#8220;vc_box_shadow_border&#8220; qode_css_animation=&#8220;&#8220;][\/vc_column_inner][\/vc_row_inner][vc_row_inner row_type=&#8220;row&#8220; type=&#8220;full_width&#8220; text_align=&#8220;left&#8220; css_animation=&#8220;&#8220; css=&#8220;.vc_custom_1648560949906{margin-top: 30px !important;}&#8220;][vc_column_inner width=&#8220;1\/3&#8243;][vc_single_image image=&#8220;638&#8243; img_size=&#8220;full&#8220; style=&#8220;vc_box_shadow_border&#8220; qode_css_animation=&#8220;&#8220;][\/vc_column_inner][vc_column_inner width=&#8220;2\/3&#8243;][vc_column_text]<\/p>\n<h3>Restaurant mit neu interpretierter traditioneller K\u00fcche<\/h3>\n<p>[\/vc_column_text][vc_separator type=&#8220;small&#8220; position=&#8220;left&#8220; color=&#8220;#932623&#8243;][vc_column_text]Sie k\u00f6nnen bei uns die typisch piemontesische K\u00fcche und die Weine unserer Produktion genie\u00dfen, wenn Sie den Duft von Tr\u00fcffeln riechen, dann ist es sicherlich der richtige Zeitpunkt, ihn zu probieren, ob wei\u00df oder schwarz, es ist f\u00fcr jeden Gaumengeschmack etwas dabei und wenn Sie es tun Wenn es Ihnen nicht gef\u00e4llt, kein Problem, wir lassen Sie andere typische Gerichte des Bauernhauses probieren, wir werden Sie sicherlich zufrieden stellen.[\/vc_column_text][\/vc_column_inner][\/vc_row_inner][vc_row_inner row_type=&#8220;row&#8220; type=&#8220;full_width&#8220; text_align=&#8220;left&#8220; css_animation=&#8220;&#8220; css=&#8220;.vc_custom_1648560949906{margin-top: 30px !important;}&#8220;][vc_column_inner width=&#8220;2\/3&#8243; css=&#8220;.vc_custom_1648561774243{padding-top: 50px !important;}&#8220;][vc_column_text]<\/p>\n<h3>Italienisch- und Deutschkurse und F\u00fchrungen<\/h3>\n<p>[\/vc_column_text][vc_separator type=&#8220;small&#8220; position=&#8220;left&#8220; color=&#8220;#932623&#8243;][vc_column_text]Mariateresa, die Gastgeberin, wurde in Asti geboren und zog nach dem Abitur nach Deutschland, um Sprachen zu studieren, wo sie das Diplom als \u00dcbersetzerin und Dolmetscherin erhielt, sie unterrichtete Italienisch an mehreren internationalen Schulen und Unternehmen. Auf Wunsch haben Sie die M\u00f6glichkeit, Ihren Urlaub mit einem Sprachkurs zu kombinieren.[\/vc_column_text][\/vc_column_inner][vc_column_inner width=&#8220;1\/3&#8243;][vc_single_image image=&#8220;640&#8243; img_size=&#8220;full&#8220; style=&#8220;vc_box_shadow_border&#8220; qode_css_animation=&#8220;&#8220;][\/vc_column_inner][\/vc_row_inner][vc_row_inner row_type=&#8220;row&#8220; type=&#8220;full_width&#8220; text_align=&#8220;left&#8220; css_animation=&#8220;&#8220; css=&#8220;.vc_custom_1648560949906{margin-top: 30px !important;}&#8220;][vc_column_inner width=&#8220;1\/3&#8243;][vc_single_image image=&#8220;642&#8243; img_size=&#8220;full&#8220; style=&#8220;vc_box_shadow_border&#8220; qode_css_animation=&#8220;&#8220;][vc_empty_space height=&#8220;26px&#8220;][\/vc_column_inner][vc_column_inner width=&#8220;2\/3&#8243;][vc_column_text]<\/p>\n<h3>Montafia &#8211; Asti &#8211; Alba &#8211; Torino<\/h3>\n<p>[\/vc_column_text][vc_separator type=&#8220;small&#8220; position=&#8220;left&#8220; color=&#8220;#932623&#8243;][vc_column_text]Cascina Vignole liegt im Herzen des Piemont in der Provinz Asti, in der N\u00e4he von Alba und Turin, umgeben von W\u00e4ldern und Wiesen.<br \/>\nAsti, bekannt f\u00fcr seine Weine wie Barbera, Dolcetto, Moscato, ist ein Paradies f\u00fcr Wein- und K\u00fcchenkenner.<br \/>\nAngefangen von K\u00e4se und Aufschnitt bis hin zu traditionellen warmen Gerichten wie Risotto und geschmortem Fleisch, handgemachten Tagliatelle mit ihrem ber\u00fchmten wei\u00dfen Tr\u00fcffel.<br \/>\nIn Turin erwartet Sie das Schokoladenparadies, aber nicht nur Essen und Wein, sondern auch jede Menge kulturelle Angebote, Schl\u00f6sser und Museen: Turin war die erste Hauptstadt Italiens, die Renaissance ist in den alten Pal\u00e4sten noch sichtbar und l\u00e4sst sich atmen historische Caf\u00e9s.[\/vc_column_text][vc_empty_space height=&#8220;26px&#8220;][\/vc_column_inner][\/vc_row_inner][\/vc_column][\/vc_row][vc_row row_type=&#8220;parallax&#8220; parallax_content_width=&#8220;in_grid&#8220; text_align=&#8220;center&#8220; full_screen_section_height=&#8220;no&#8220; background_image=&#8220;445&#8243;][vc_column css=&#8220;.vc_custom_1472564707696{padding-top: 90px !important;padding-bottom: 78px !important;}&#8220;][vc_single_image image=&#8220;630&#8243; img_size=&#8220;full&#8220; alignment=&#8220;center&#8220; qode_css_animation=&#8220;&#8220;][vc_empty_space height=&#8220;26px&#8220;][vc_column_text]<\/p>\n<h2><span style=\"color: #ffffff;\">Was sie \u00fcber uns sagen<\/span><\/h2>\n<p>[\/vc_column_text][vc_empty_space height=&#8220;25px&#8220;][vc_column_text]<\/p>\n<h3><span style=\"color: #ffffff;\">Cascina Vignole, Montafia<\/span><\/h3>\n<p>[\/vc_column_text][vc_empty_space height=&#8220;55px&#8220;]<div class='testimonials_c_holder clearfix light'><div class=\"testimonials_c testimonials_c_carousel\" data-show-navigation=\"yes\" data-animation-speed=\"\" data-auto-rotate-slides=\"5\" data-number-per-slide=\"3\"><ul class=\"slides\"><li id=\"testimonials-c-1208\" class=\"testimonial_content\"><div class=\"testimonial_content_inner\"><div class=\"testimonial_image_holder\"><img src=\"https:\/\/cascinavignole.com\/wp-content\/uploads\/2016\/08\/testimonial.png\" \/><\/div><div class=\"testimonial_title_holder\"><h5>Sensationeller Aufenthalt im Piemont<\/h5><\/div><div class=\"testimonial_rating_holder\"><span class=\"testimonial_star_holder\"><span class=\"icon_star\"><\/span><\/span><span class=\"testimonial_star_holder\"><span class=\"icon_star\"><\/span><\/span><span class=\"testimonial_star_holder\"><span class=\"icon_star\"><\/span><\/span><span class=\"testimonial_star_holder\"><span class=\"icon_star\"><\/span><\/span><span class=\"testimonial_star_holder\"><span class=\"icon_star\"><\/span><\/span><\/div><div class=\"testimonial_text_holder\"><div class=\"testimonial_text_inner\" style=\"\"><p>Das Haus liegt abseits von L\u00e4rm und Hektik im Gr\u00fcnen. Man kann entspannen und die Seele baumeln lassen und einen guten Wein am Pool oder bei Zitronenb\u00e4umen genie\u00dfen.<\/p><p class=\"testimonial_author\" style=\"color: #262626;font-size: 15px;\">- KONRAD<\/p><\/div><\/div><\/div><\/li><li id=\"testimonials-c-1210\" class=\"testimonial_content\"><div class=\"testimonial_content_inner\"><div class=\"testimonial_image_holder\"><img src=\"https:\/\/cascinavignole.com\/wp-content\/uploads\/2016\/08\/testimonial.jpg\" \/><\/div><div class=\"testimonial_title_holder\"><h5>Viele lustige und sch\u00f6ne Momente verbracht<\/h5><\/div><div class=\"testimonial_rating_holder\"><span class=\"testimonial_star_holder\"><span class=\"icon_star\"><\/span><\/span><span class=\"testimonial_star_holder\"><span class=\"icon_star\"><\/span><\/span><span class=\"testimonial_star_holder\"><span class=\"icon_star\"><\/span><\/span><span class=\"testimonial_star_holder\"><span class=\"icon_star\"><\/span><\/span><span class=\"testimonial_star_holder\"><span class=\"icon_star\"><\/span><\/span><\/div><div class=\"testimonial_text_holder\"><div class=\"testimonial_text_inner\" style=\"\"><p>Wir waren fr\u00fcher schon ein paar mal im Piemont, dann aber eher in der N\u00e4he von Barolo. Nun wollten wir die etwas naturbelasserene Seite des Piemonts kennenlernen. Die Gastgeberfamlie Rosotto, insbesondere Hans und Mariateresa so wie Ihr Sohn Christoffer haben uns sehr freundlich aufgenommen. Und Hans der immer gute Laune hat, hat uns allerei Lustiges zum Besten gegeben, es gab wirklich viel zu lachen. Da Familie Rosotto beim sehr, sehr feinen Essen stets anwesend war kam eine famili\u00e4re Stimmung auf. \u00dcbrigens auch die Weine waren ausgezeichnet, uns pers\u00f6nlich hat vor allem der hauseigene Barbera sehr gemundet.<\/p><p class=\"testimonial_author\" style=\"color: #262626;font-size: 15px;\">- PETER<\/p><\/div><\/div><\/div><\/li><li id=\"testimonials-c-1213\" class=\"testimonial_content\"><div class=\"testimonial_content_inner\"><div class=\"testimonial_image_holder\"><img src=\"https:\/\/cascinavignole.com\/wp-content\/uploads\/2016\/08\/testimonial-3.png\" \/><\/div><div class=\"testimonial_title_holder\"><h5>Entspannen und genie\u00dfen<\/h5><\/div><div class=\"testimonial_rating_holder\"><span class=\"testimonial_star_holder\"><span class=\"icon_star\"><\/span><\/span><span class=\"testimonial_star_holder\"><span class=\"icon_star\"><\/span><\/span><span class=\"testimonial_star_holder\"><span class=\"icon_star\"><\/span><\/span><span class=\"testimonial_star_holder\"><span class=\"icon_star\"><\/span><\/span><span class=\"testimonial_star_holder\"><span class=\"icon_star\"><\/span><\/span><\/div><div class=\"testimonial_text_holder\"><div class=\"testimonial_text_inner\" style=\"\"><p>Unser Fazit: dieses Haus ist jederzeit sehr zu empfehlen.<\/p><p class=\"testimonial_author\" style=\"color: #262626;font-size: 15px;\">- HEILMANN<\/p><\/div><\/div><\/div><\/li><\/ul><\/div><\/div>[\/vc_column][\/vc_row]<\/p>\n","protected":false},"excerpt":{"rendered":"<p>[vc_row css_animation=&#8220;&#8220; row_type=&#8220;row&#8220; use_row_as_full_screen_section=&#8220;no&#8220; type=&#8220;grid&#8220; angled_section=&#8220;no&#8220; text_align=&#8220;center&#8220; background_image_as_pattern=&#8220;without_pattern&#8220; css=&#8220;.vc_custom_1648563113880{padding-top: 90px !important;padding-bottom: 40px !important;}&#8220; z_index=&#8220;&#8220;][vc_column width=&#8220;1\/2&#8243;][vc_empty_space height=&#8220;26px&#8220;][vc_column_text] Agriturismo Cascina Vignole [\/vc_column_text][vc_empty_space height=&#8220;25px&#8220;][vc_column_text] Bei uns sind Sie unser Gast: in Montafia bei Asti im Piemont. Entspannung, guter Wein und lokales Essen in den H\u00fcgeln des Monferrato. [\/vc_column_text][vc_empty_space&#8230;<\/p>\n","protected":false},"author":1,"featured_media":0,"parent":0,"menu_order":0,"comment_status":"closed","ping_status":"closed","template":"full_width.php","meta":[],"yoast_head":"<!-- This site is optimized with the Yoast SEO plugin v18.9 - https:\/\/yoast.com\/wordpress\/plugins\/seo\/ -->\n<title>Home - Agriturismo Asti Cascina Vignole<\/title>\n<meta name=\"robots\" content=\"index, follow, max-snippet:-1, max-image-preview:large, max-video-preview:-1\" \/>\n<link rel=\"canonical\" href=\"https:\/\/cascinavignole.com\/de\/\" \/>\n<meta property=\"og:locale\" content=\"de_DE\" \/>\n<meta property=\"og:type\" content=\"article\" \/>\n<meta property=\"og:title\" content=\"Home - Agriturismo Asti Cascina Vignole\" \/>\n<meta property=\"og:description\" content=\"[vc_row css_animation=&#8220;&#8220; row_type=&#8220;row&#8220; use_row_as_full_screen_section=&#8220;no&#8220; type=&#8220;grid&#8220; angled_section=&#8220;no&#8220; text_align=&#8220;center&#8220; background_image_as_pattern=&#8220;without_pattern&#8220; css=&#8220;.vc_custom_1648563113880{padding-top: 90px !important;padding-bottom: 40px !important;}&#8220; z_index=&#8220;&#8220;][vc_column width=&#8220;1\/2&#8243;][vc_empty_space height=&#8220;26px&#8220;][vc_column_text] Agriturismo Cascina Vignole [\/vc_column_text][vc_empty_space height=&#8220;25px&#8220;][vc_column_text] Bei uns sind Sie unser Gast: in Montafia bei Asti im Piemont. Entspannung, guter Wein und lokales Essen in den H\u00fcgeln des Monferrato. [\/vc_column_text][vc_empty_space...\" \/>\n<meta property=\"og:url\" content=\"https:\/\/cascinavignole.com\/de\/\" \/>\n<meta property=\"og:site_name\" content=\"Agriturismo Asti Cascina Vignole\" \/>\n<meta property=\"article:modified_time\" content=\"2024-06-18T09:18:48+00:00\" \/>\n<meta name=\"twitter:card\" content=\"summary_large_image\" \/>\n<meta name=\"twitter:label1\" content=\"Gesch\u00e4tzte Lesezeit\" \/>\n\t<meta name=\"twitter:data1\" content=\"3 Minuten\" \/>\n<script type=\"application\/ld+json\" class=\"yoast-schema-graph\">{\"@context\":\"https:\/\/schema.org\",\"@graph\":[{\"@type\":\"WebSite\",\"@id\":\"https:\/\/cascinavignole.com\/#website\",\"url\":\"https:\/\/cascinavignole.com\/\",\"name\":\"Agriturismo Asti Cascina Vignole\",\"description\":\"Agriturismo Asti\",\"potentialAction\":[{\"@type\":\"SearchAction\",\"target\":{\"@type\":\"EntryPoint\",\"urlTemplate\":\"https:\/\/cascinavignole.com\/?s={search_term_string}\"},\"query-input\":\"required name=search_term_string\"}],\"inLanguage\":\"de-DE\"},{\"@type\":\"WebPage\",\"@id\":\"https:\/\/cascinavignole.com\/de\/#webpage\",\"url\":\"https:\/\/cascinavignole.com\/de\/\",\"name\":\"Home - Agriturismo Asti Cascina Vignole\",\"isPartOf\":{\"@id\":\"https:\/\/cascinavignole.com\/#website\"},\"datePublished\":\"2016-08-30T12:04:38+00:00\",\"dateModified\":\"2024-06-18T09:18:48+00:00\",\"breadcrumb\":{\"@id\":\"https:\/\/cascinavignole.com\/de\/#breadcrumb\"},\"inLanguage\":\"de-DE\",\"potentialAction\":[{\"@type\":\"ReadAction\",\"target\":[\"https:\/\/cascinavignole.com\/de\/\"]}]},{\"@type\":\"BreadcrumbList\",\"@id\":\"https:\/\/cascinavignole.com\/de\/#breadcrumb\",\"itemListElement\":[{\"@type\":\"ListItem\",\"position\":1,\"name\":\"Home\",\"item\":\"https:\/\/cascinavignole.com\/de\/\"},{\"@type\":\"ListItem\",\"position\":2,\"name\":\"Home\"}]}]}<\/script>\n<!-- \/ Yoast SEO plugin. -->","yoast_head_json":{"title":"Home - Agriturismo Asti Cascina Vignole","robots":{"index":"index","follow":"follow","max-snippet":"max-snippet:-1","max-image-preview":"max-image-preview:large","max-video-preview":"max-video-preview:-1"},"canonical":"https:\/\/cascinavignole.com\/de\/","og_locale":"de_DE","og_type":"article","og_title":"Home - Agriturismo Asti Cascina Vignole","og_description":"[vc_row css_animation=&#8220;&#8220; row_type=&#8220;row&#8220; use_row_as_full_screen_section=&#8220;no&#8220; type=&#8220;grid&#8220; angled_section=&#8220;no&#8220; text_align=&#8220;center&#8220; background_image_as_pattern=&#8220;without_pattern&#8220; css=&#8220;.vc_custom_1648563113880{padding-top: 90px !important;padding-bottom: 40px !important;}&#8220; z_index=&#8220;&#8220;][vc_column width=&#8220;1\/2&#8243;][vc_empty_space height=&#8220;26px&#8220;][vc_column_text] Agriturismo Cascina Vignole [\/vc_column_text][vc_empty_space height=&#8220;25px&#8220;][vc_column_text] Bei uns sind Sie unser Gast: in Montafia bei Asti im Piemont. Entspannung, guter Wein und lokales Essen in den H\u00fcgeln des Monferrato. [\/vc_column_text][vc_empty_space...","og_url":"https:\/\/cascinavignole.com\/de\/","og_site_name":"Agriturismo Asti Cascina Vignole","article_modified_time":"2024-06-18T09:18:48+00:00","twitter_card":"summary_large_image","twitter_misc":{"Gesch\u00e4tzte Lesezeit":"3 Minuten"},"schema":{"@context":"https:\/\/schema.org","@graph":[{"@type":"WebSite","@id":"https:\/\/cascinavignole.com\/#website","url":"https:\/\/cascinavignole.com\/","name":"Agriturismo Asti Cascina Vignole","description":"Agriturismo Asti","potentialAction":[{"@type":"SearchAction","target":{"@type":"EntryPoint","urlTemplate":"https:\/\/cascinavignole.com\/?s={search_term_string}"},"query-input":"required name=search_term_string"}],"inLanguage":"de-DE"},{"@type":"WebPage","@id":"https:\/\/cascinavignole.com\/de\/#webpage","url":"https:\/\/cascinavignole.com\/de\/","name":"Home - Agriturismo Asti Cascina Vignole","isPartOf":{"@id":"https:\/\/cascinavignole.com\/#website"},"datePublished":"2016-08-30T12:04:38+00:00","dateModified":"2024-06-18T09:18:48+00:00","breadcrumb":{"@id":"https:\/\/cascinavignole.com\/de\/#breadcrumb"},"inLanguage":"de-DE","potentialAction":[{"@type":"ReadAction","target":["https:\/\/cascinavignole.com\/de\/"]}]},{"@type":"BreadcrumbList","@id":"https:\/\/cascinavignole.com\/de\/#breadcrumb","itemListElement":[{"@type":"ListItem","position":1,"name":"Home","item":"https:\/\/cascinavignole.com\/de\/"},{"@type":"ListItem","position":2,"name":"Home"}]}]}},"_links":{"self":[{"href":"https:\/\/cascinavignole.com\/de\/wp-json\/wp\/v2\/pages\/1145"}],"collection":[{"href":"https:\/\/cascinavignole.com\/de\/wp-json\/wp\/v2\/pages"}],"about":[{"href":"https:\/\/cascinavignole.com\/de\/wp-json\/wp\/v2\/types\/page"}],"author":[{"embeddable":true,"href":"https:\/\/cascinavignole.com\/de\/wp-json\/wp\/v2\/users\/1"}],"replies":[{"embeddable":true,"href":"https:\/\/cascinavignole.com\/de\/wp-json\/wp\/v2\/comments?post=1145"}],"version-history":[{"count":6,"href":"https:\/\/cascinavignole.com\/de\/wp-json\/wp\/v2\/pages\/1145\/revisions"}],"predecessor-version":[{"id":1148,"href":"https:\/\/cascinavignole.com\/de\/wp-json\/wp\/v2\/pages\/1145\/revisions\/1148"}],"wp:attachment":[{"href":"https:\/\/cascinavignole.com\/de\/wp-json\/wp\/v2\/media?parent=1145"}],"curies":[{"name":"wp","href":"https:\/\/api.w.org\/{rel}","templated":true}]}}