{"id":1130,"date":"2022-04-07T09:31:07","date_gmt":"2022-04-07T09:31:07","guid":{"rendered":"https:\/\/cascinavignole.com\/torino\/"},"modified":"2022-04-26T12:43:31","modified_gmt":"2022-04-26T12:43:31","slug":"turin","status":"publish","type":"page","link":"https:\/\/cascinavignole.com\/de\/turin\/","title":{"rendered":"Turin"},"content":{"rendered":"<p>[vc_row css_animation=&#8220;&#8220; row_type=&#8220;row&#8220; use_row_as_full_screen_section=&#8220;no&#8220; type=&#8220;grid&#8220; angled_section=&#8220;no&#8220; text_align=&#8220;center&#8220; background_image_as_pattern=&#8220;without_pattern&#8220; css=&#8220;.vc_custom_1478162832494{padding-top: 80px !important;}&#8220;][vc_column][vc_row_inner row_type=&#8220;row&#8220; type=&#8220;full_width&#8220; text_align=&#8220;left&#8220; css_animation=&#8220;&#8220; css=&#8220;.vc_custom_1648727468016{padding-top: 50px !important;padding-bottom: 50px !important;}&#8220;][vc_column_inner width=&#8220;1\/3&#8243;][vc_gallery type=&#8220;flexslider_slide&#8220; interval=&#8220;3&#8243; images=&#8220;967,969,965&#8243; img_size=&#8220;full&#8220;][\/vc_column_inner][vc_column_inner width=&#8220;2\/3&#8243;][vc_empty_space height=&#8220;26px&#8220;][vc_column_text]<\/p>\n<h2>Turin, Piemont<\/h2>\n<p>[\/vc_column_text][vc_empty_space height=&#8220;25px&#8220;][vc_column_text]<\/p>\n<h3>Entdecken Sie die Stadt Turin im Piemont<\/h3>\n<p>[\/vc_column_text][vc_empty_space height=&#8220;25px&#8220;][vc_column_text]Lebhaft und elegant, immer in Bewegung, Turin ist eine unglaublich gr\u00fcne Stadt mit \u00fcber 300 km von B\u00e4umen ges\u00e4umten Alleen und unz\u00e4hligen Parks: Sanft an die H\u00fcgel gelehnt und vom Fluss Po umarmt, verdankt sie viel von ihrem Charme seine bezaubernde geografische Lage am Fu\u00dfe der Westalpen.<br \/>\nDie erste Hauptstadt Italiens l\u00e4dt Sie ein, ihre alte und moderne Geschichte, die k\u00f6niglichen Residenzen, die Pal\u00e4ste und Museen, die Parks und von B\u00e4umen ges\u00e4umten Alleen, den Fluss und die H\u00fcgel, die historischen Restaurants und Caf\u00e9s, die langen Arkadenstra\u00dfen und Viertel zu entdecken multiethnisch, die gro\u00dfen Ereignisse und die vielen kleinen Freuden, die es schon immer einzigartig gemacht haben, im Gleichgewicht zwischen der r\u00f6mischen Stadtplanung, der gemessenen Pracht des piemontesischen Barocks und der Originalit\u00e4t der modernen und zeitgen\u00f6ssischen Architektur.[\/vc_column_text][\/vc_column_inner][\/vc_row_inner][\/vc_column][\/vc_row]<\/p>\n","protected":false},"excerpt":{"rendered":"<p>[vc_row css_animation=&#8220;&#8220; row_type=&#8220;row&#8220; use_row_as_full_screen_section=&#8220;no&#8220; type=&#8220;grid&#8220; angled_section=&#8220;no&#8220; text_align=&#8220;center&#8220; background_image_as_pattern=&#8220;without_pattern&#8220; css=&#8220;.vc_custom_1478162832494{padding-top: 80px !important;}&#8220;][vc_column][vc_row_inner row_type=&#8220;row&#8220; type=&#8220;full_width&#8220; text_align=&#8220;left&#8220; css_animation=&#8220;&#8220; css=&#8220;.vc_custom_1648727468016{padding-top: 50px !important;padding-bottom: 50px !important;}&#8220;][vc_column_inner width=&#8220;1\/3&#8243;][vc_gallery type=&#8220;flexslider_slide&#8220; interval=&#8220;3&#8243; images=&#8220;967,969,965&#8243; img_size=&#8220;full&#8220;][\/vc_column_inner][vc_column_inner width=&#8220;2\/3&#8243;][vc_empty_space height=&#8220;26px&#8220;][vc_column_text] Turin, Piemont [\/vc_column_text][vc_empty_space height=&#8220;25px&#8220;][vc_column_text] Entdecken Sie die Stadt Turin im Piemont [\/vc_column_text][vc_empty_space height=&#8220;25px&#8220;][vc_column_text]Lebhaft und elegant, immer in Bewegung,&#8230;<\/p>\n","protected":false},"author":1,"featured_media":0,"parent":0,"menu_order":0,"comment_status":"closed","ping_status":"closed","template":"full_width.php","meta":[],"yoast_head":"<!-- This site is optimized with the Yoast SEO plugin v18.9 - https:\/\/yoast.com\/wordpress\/plugins\/seo\/ -->\n<title>Turin - Agriturismo Asti Cascina Vignole<\/title>\n<meta name=\"robots\" content=\"index, follow, max-snippet:-1, max-image-preview:large, max-video-preview:-1\" \/>\n<link rel=\"canonical\" href=\"https:\/\/cascinavignole.com\/de\/turin\/\" \/>\n<meta property=\"og:locale\" content=\"de_DE\" \/>\n<meta property=\"og:type\" content=\"article\" \/>\n<meta property=\"og:title\" content=\"Turin - Agriturismo Asti Cascina Vignole\" \/>\n<meta property=\"og:description\" content=\"[vc_row css_animation=&#8220;&#8220; row_type=&#8220;row&#8220; use_row_as_full_screen_section=&#8220;no&#8220; type=&#8220;grid&#8220; angled_section=&#8220;no&#8220; text_align=&#8220;center&#8220; background_image_as_pattern=&#8220;without_pattern&#8220; css=&#8220;.vc_custom_1478162832494{padding-top: 80px !important;}&#8220;][vc_column][vc_row_inner row_type=&#8220;row&#8220; type=&#8220;full_width&#8220; text_align=&#8220;left&#8220; css_animation=&#8220;&#8220; css=&#8220;.vc_custom_1648727468016{padding-top: 50px !important;padding-bottom: 50px !important;}&#8220;][vc_column_inner width=&#8220;1\/3&#8243;][vc_gallery type=&#8220;flexslider_slide&#8220; interval=&#8220;3&#8243; images=&#8220;967,969,965&#8243; img_size=&#8220;full&#8220;][\/vc_column_inner][vc_column_inner width=&#8220;2\/3&#8243;][vc_empty_space height=&#8220;26px&#8220;][vc_column_text] Turin, Piemont [\/vc_column_text][vc_empty_space height=&#8220;25px&#8220;][vc_column_text] Entdecken Sie die Stadt Turin im Piemont [\/vc_column_text][vc_empty_space height=&#8220;25px&#8220;][vc_column_text]Lebhaft und elegant, immer in Bewegung,...\" \/>\n<meta property=\"og:url\" content=\"https:\/\/cascinavignole.com\/de\/turin\/\" \/>\n<meta property=\"og:site_name\" content=\"Agriturismo Asti Cascina Vignole\" \/>\n<meta property=\"article:modified_time\" content=\"2022-04-26T12:43:31+00:00\" \/>\n<meta name=\"twitter:card\" content=\"summary_large_image\" \/>\n<meta name=\"twitter:label1\" content=\"Gesch\u00e4tzte Lesezeit\" \/>\n\t<meta name=\"twitter:data1\" content=\"1 Minute\" \/>\n<script type=\"application\/ld+json\" class=\"yoast-schema-graph\">{\"@context\":\"https:\/\/schema.org\",\"@graph\":[{\"@type\":\"WebSite\",\"@id\":\"https:\/\/cascinavignole.com\/#website\",\"url\":\"https:\/\/cascinavignole.com\/\",\"name\":\"Agriturismo Asti Cascina Vignole\",\"description\":\"Agriturismo Asti\",\"potentialAction\":[{\"@type\":\"SearchAction\",\"target\":{\"@type\":\"EntryPoint\",\"urlTemplate\":\"https:\/\/cascinavignole.com\/?s={search_term_string}\"},\"query-input\":\"required name=search_term_string\"}],\"inLanguage\":\"de-DE\"},{\"@type\":\"WebPage\",\"@id\":\"https:\/\/cascinavignole.com\/de\/turin\/#webpage\",\"url\":\"https:\/\/cascinavignole.com\/de\/turin\/\",\"name\":\"Turin - Agriturismo Asti Cascina Vignole\",\"isPartOf\":{\"@id\":\"https:\/\/cascinavignole.com\/#website\"},\"datePublished\":\"2022-04-07T09:31:07+00:00\",\"dateModified\":\"2022-04-26T12:43:31+00:00\",\"breadcrumb\":{\"@id\":\"https:\/\/cascinavignole.com\/de\/turin\/#breadcrumb\"},\"inLanguage\":\"de-DE\",\"potentialAction\":[{\"@type\":\"ReadAction\",\"target\":[\"https:\/\/cascinavignole.com\/de\/turin\/\"]}]},{\"@type\":\"BreadcrumbList\",\"@id\":\"https:\/\/cascinavignole.com\/de\/turin\/#breadcrumb\",\"itemListElement\":[{\"@type\":\"ListItem\",\"position\":1,\"name\":\"Home\",\"item\":\"https:\/\/cascinavignole.com\/de\/\"},{\"@type\":\"ListItem\",\"position\":2,\"name\":\"Turin\"}]}]}<\/script>\n<!-- \/ Yoast SEO plugin. -->","yoast_head_json":{"title":"Turin - Agriturismo Asti Cascina Vignole","robots":{"index":"index","follow":"follow","max-snippet":"max-snippet:-1","max-image-preview":"max-image-preview:large","max-video-preview":"max-video-preview:-1"},"canonical":"https:\/\/cascinavignole.com\/de\/turin\/","og_locale":"de_DE","og_type":"article","og_title":"Turin - Agriturismo Asti Cascina Vignole","og_description":"[vc_row css_animation=&#8220;&#8220; row_type=&#8220;row&#8220; use_row_as_full_screen_section=&#8220;no&#8220; type=&#8220;grid&#8220; angled_section=&#8220;no&#8220; text_align=&#8220;center&#8220; background_image_as_pattern=&#8220;without_pattern&#8220; css=&#8220;.vc_custom_1478162832494{padding-top: 80px !important;}&#8220;][vc_column][vc_row_inner row_type=&#8220;row&#8220; type=&#8220;full_width&#8220; text_align=&#8220;left&#8220; css_animation=&#8220;&#8220; css=&#8220;.vc_custom_1648727468016{padding-top: 50px !important;padding-bottom: 50px !important;}&#8220;][vc_column_inner width=&#8220;1\/3&#8243;][vc_gallery type=&#8220;flexslider_slide&#8220; interval=&#8220;3&#8243; images=&#8220;967,969,965&#8243; img_size=&#8220;full&#8220;][\/vc_column_inner][vc_column_inner width=&#8220;2\/3&#8243;][vc_empty_space height=&#8220;26px&#8220;][vc_column_text] Turin, Piemont [\/vc_column_text][vc_empty_space height=&#8220;25px&#8220;][vc_column_text] Entdecken Sie die Stadt Turin im Piemont [\/vc_column_text][vc_empty_space height=&#8220;25px&#8220;][vc_column_text]Lebhaft und elegant, immer in Bewegung,...","og_url":"https:\/\/cascinavignole.com\/de\/turin\/","og_site_name":"Agriturismo Asti Cascina Vignole","article_modified_time":"2022-04-26T12:43:31+00:00","twitter_card":"summary_large_image","twitter_misc":{"Gesch\u00e4tzte Lesezeit":"1 Minute"},"schema":{"@context":"https:\/\/schema.org","@graph":[{"@type":"WebSite","@id":"https:\/\/cascinavignole.com\/#website","url":"https:\/\/cascinavignole.com\/","name":"Agriturismo Asti Cascina Vignole","description":"Agriturismo Asti","potentialAction":[{"@type":"SearchAction","target":{"@type":"EntryPoint","urlTemplate":"https:\/\/cascinavignole.com\/?s={search_term_string}"},"query-input":"required name=search_term_string"}],"inLanguage":"de-DE"},{"@type":"WebPage","@id":"https:\/\/cascinavignole.com\/de\/turin\/#webpage","url":"https:\/\/cascinavignole.com\/de\/turin\/","name":"Turin - Agriturismo Asti Cascina Vignole","isPartOf":{"@id":"https:\/\/cascinavignole.com\/#website"},"datePublished":"2022-04-07T09:31:07+00:00","dateModified":"2022-04-26T12:43:31+00:00","breadcrumb":{"@id":"https:\/\/cascinavignole.com\/de\/turin\/#breadcrumb"},"inLanguage":"de-DE","potentialAction":[{"@type":"ReadAction","target":["https:\/\/cascinavignole.com\/de\/turin\/"]}]},{"@type":"BreadcrumbList","@id":"https:\/\/cascinavignole.com\/de\/turin\/#breadcrumb","itemListElement":[{"@type":"ListItem","position":1,"name":"Home","item":"https:\/\/cascinavignole.com\/de\/"},{"@type":"ListItem","position":2,"name":"Turin"}]}]}},"_links":{"self":[{"href":"https:\/\/cascinavignole.com\/de\/wp-json\/wp\/v2\/pages\/1130"}],"collection":[{"href":"https:\/\/cascinavignole.com\/de\/wp-json\/wp\/v2\/pages"}],"about":[{"href":"https:\/\/cascinavignole.com\/de\/wp-json\/wp\/v2\/types\/page"}],"author":[{"embeddable":true,"href":"https:\/\/cascinavignole.com\/de\/wp-json\/wp\/v2\/users\/1"}],"replies":[{"embeddable":true,"href":"https:\/\/cascinavignole.com\/de\/wp-json\/wp\/v2\/comments?post=1130"}],"version-history":[{"count":3,"href":"https:\/\/cascinavignole.com\/de\/wp-json\/wp\/v2\/pages\/1130\/revisions"}],"predecessor-version":[{"id":1136,"href":"https:\/\/cascinavignole.com\/de\/wp-json\/wp\/v2\/pages\/1130\/revisions\/1136"}],"wp:attachment":[{"href":"https:\/\/cascinavignole.com\/de\/wp-json\/wp\/v2\/media?parent=1130"}],"curies":[{"name":"wp","href":"https:\/\/api.w.org\/{rel}","templated":true}]}}