{"id":1122,"date":"2016-11-03T08:38:06","date_gmt":"2016-11-03T08:38:06","guid":{"rendered":"https:\/\/cascinavignole.com\/ristorante-asti-agriturismo\/"},"modified":"2022-04-26T12:39:48","modified_gmt":"2022-04-26T12:39:48","slug":"restaurant-asti-agriturismo","status":"publish","type":"page","link":"https:\/\/cascinavignole.com\/de\/restaurant-asti-agriturismo\/","title":{"rendered":"Restaurant"},"content":{"rendered":"<p>[vc_row css_animation=&#8220;&#8220; row_type=&#8220;row&#8220; use_row_as_full_screen_section=&#8220;no&#8220; type=&#8220;grid&#8220; angled_section=&#8220;no&#8220; text_align=&#8220;center&#8220; background_image_as_pattern=&#8220;without_pattern&#8220; css=&#8220;.vc_custom_1478162832494{padding-top: 80px !important;}&#8220;][vc_column][vc_empty_space height=&#8220;26px&#8220;][vc_column_text]<\/p>\n<div class=\"elementor-element elementor-element-6dc8b88 elementor-widget elementor-widget-heading\" data-id=\"6dc8b88\" data-element_type=\"widget\" data-widget_type=\"heading.default\">\n<div class=\"elementor-widget-container\">\n<h2 class=\"elementor-heading-title elementor-size-default\">das Restaurant mit typischer K\u00fcche<\/h2>\n<\/div>\n<\/div>\n<p>[\/vc_column_text][vc_empty_space height=&#8220;25px&#8220;][vc_column_text]<\/p>\n<h3>von uns mit Liebe nach traditioneller Art zubereitet<\/h3>\n<p>[\/vc_column_text][vc_row_inner row_type=&#8220;row&#8220; type=&#8220;full_width&#8220; text_align=&#8220;left&#8220; css_animation=&#8220;&#8220; css=&#8220;.vc_custom_1648727468016{padding-top: 50px !important;padding-bottom: 50px !important;}&#8220;][vc_column_inner width=&#8220;1\/2&#8243;][vc_column_text]Im Restaurant probieren Sie typische Gerichte der piemontesischen K\u00fcche und gepaart mit den Weinen unserer Produktion. Reservieren Sie einen Tisch, wir bringen Ihnen jeden Abend ein 4- oder 5-G\u00e4nge-Men\u00fc in den Speisesaal oder auf die Veranda bei Kerzenlicht, Sie probieren unsere Spezialit\u00e4ten, die wir pers\u00f6nlich f\u00fcr Sie kochen. Im Sommer mit schwarzen Tr\u00fcffeln und im Herbst auch mit wei\u00dfen, werden Sie vom berauschenden Duft dieser magischen Knolle, genannt Alba-Tr\u00fcffel, angezogen, buchen Sie das Tr\u00fcffelmen\u00fc bei uns.[\/vc_column_text][vc_column_text]Wir k\u00fcmmern uns pers\u00f6nlich um die Auswahl des Gem\u00fcses und der Gew\u00fcrze aus unserem Garten, frische Tomaten, die wir auf nat\u00fcrliche Weise produzieren, was wir nicht selbst produzieren, kaufen wir stattdessen von Bauern und benachbarten Bauernh\u00f6fen.[\/vc_column_text][vc_empty_space][vc_column_text]<\/p>\n<h3>Menu<\/h3>\n<p>Aktualisierung[\/vc_column_text][\/vc_column_inner][vc_column_inner width=&#8220;1\/2&#8243;][vc_single_image image=&#8220;941&#8243; img_size=&#8220;full&#8220; qode_css_animation=&#8220;&#8220;][\/vc_column_inner][\/vc_row_inner][\/vc_column][\/vc_row]<\/p>\n","protected":false},"excerpt":{"rendered":"<p>[vc_row css_animation=&#8220;&#8220; row_type=&#8220;row&#8220; use_row_as_full_screen_section=&#8220;no&#8220; type=&#8220;grid&#8220; angled_section=&#8220;no&#8220; text_align=&#8220;center&#8220; background_image_as_pattern=&#8220;without_pattern&#8220; css=&#8220;.vc_custom_1478162832494{padding-top: 80px !important;}&#8220;][vc_column][vc_empty_space height=&#8220;26px&#8220;][vc_column_text] das Restaurant mit typischer K\u00fcche [\/vc_column_text][vc_empty_space height=&#8220;25px&#8220;][vc_column_text] von uns mit Liebe nach traditioneller Art zubereitet [\/vc_column_text][vc_row_inner row_type=&#8220;row&#8220; type=&#8220;full_width&#8220; text_align=&#8220;left&#8220; css_animation=&#8220;&#8220; css=&#8220;.vc_custom_1648727468016{padding-top: 50px !important;padding-bottom: 50px !important;}&#8220;][vc_column_inner width=&#8220;1\/2&#8243;][vc_column_text]Im Restaurant probieren Sie typische Gerichte der piemontesischen&#8230;<\/p>\n","protected":false},"author":1,"featured_media":0,"parent":0,"menu_order":0,"comment_status":"closed","ping_status":"closed","template":"full_width.php","meta":[],"yoast_head":"<!-- This site is optimized with the Yoast SEO plugin v18.9 - https:\/\/yoast.com\/wordpress\/plugins\/seo\/ -->\n<title>Restaurant - Agriturismo Asti Cascina Vignole<\/title>\n<meta name=\"robots\" content=\"index, follow, max-snippet:-1, max-image-preview:large, max-video-preview:-1\" \/>\n<link rel=\"canonical\" href=\"https:\/\/cascinavignole.com\/de\/restaurant-asti-agriturismo\/\" \/>\n<meta property=\"og:locale\" content=\"de_DE\" \/>\n<meta property=\"og:type\" content=\"article\" \/>\n<meta property=\"og:title\" content=\"Restaurant - Agriturismo Asti Cascina Vignole\" \/>\n<meta property=\"og:description\" content=\"[vc_row css_animation=&#8220;&#8220; row_type=&#8220;row&#8220; use_row_as_full_screen_section=&#8220;no&#8220; type=&#8220;grid&#8220; angled_section=&#8220;no&#8220; text_align=&#8220;center&#8220; background_image_as_pattern=&#8220;without_pattern&#8220; css=&#8220;.vc_custom_1478162832494{padding-top: 80px !important;}&#8220;][vc_column][vc_empty_space height=&#8220;26px&#8220;][vc_column_text] das Restaurant mit typischer K\u00fcche [\/vc_column_text][vc_empty_space height=&#8220;25px&#8220;][vc_column_text] von uns mit Liebe nach traditioneller Art zubereitet [\/vc_column_text][vc_row_inner row_type=&#8220;row&#8220; type=&#8220;full_width&#8220; text_align=&#8220;left&#8220; css_animation=&#8220;&#8220; css=&#8220;.vc_custom_1648727468016{padding-top: 50px !important;padding-bottom: 50px !important;}&#8220;][vc_column_inner width=&#8220;1\/2&#8243;][vc_column_text]Im Restaurant probieren Sie typische Gerichte der piemontesischen...\" \/>\n<meta property=\"og:url\" content=\"https:\/\/cascinavignole.com\/de\/restaurant-asti-agriturismo\/\" \/>\n<meta property=\"og:site_name\" content=\"Agriturismo Asti Cascina Vignole\" \/>\n<meta property=\"article:modified_time\" content=\"2022-04-26T12:39:48+00:00\" \/>\n<meta name=\"twitter:card\" content=\"summary_large_image\" \/>\n<meta name=\"twitter:label1\" content=\"Gesch\u00e4tzte Lesezeit\" \/>\n\t<meta name=\"twitter:data1\" content=\"1 Minute\" \/>\n<script type=\"application\/ld+json\" class=\"yoast-schema-graph\">{\"@context\":\"https:\/\/schema.org\",\"@graph\":[{\"@type\":\"WebSite\",\"@id\":\"https:\/\/cascinavignole.com\/#website\",\"url\":\"https:\/\/cascinavignole.com\/\",\"name\":\"Agriturismo Asti Cascina Vignole\",\"description\":\"Agriturismo Asti\",\"potentialAction\":[{\"@type\":\"SearchAction\",\"target\":{\"@type\":\"EntryPoint\",\"urlTemplate\":\"https:\/\/cascinavignole.com\/?s={search_term_string}\"},\"query-input\":\"required name=search_term_string\"}],\"inLanguage\":\"de-DE\"},{\"@type\":\"WebPage\",\"@id\":\"https:\/\/cascinavignole.com\/de\/restaurant-asti-agriturismo\/#webpage\",\"url\":\"https:\/\/cascinavignole.com\/de\/restaurant-asti-agriturismo\/\",\"name\":\"Restaurant - Agriturismo Asti Cascina Vignole\",\"isPartOf\":{\"@id\":\"https:\/\/cascinavignole.com\/#website\"},\"datePublished\":\"2016-11-03T08:38:06+00:00\",\"dateModified\":\"2022-04-26T12:39:48+00:00\",\"breadcrumb\":{\"@id\":\"https:\/\/cascinavignole.com\/de\/restaurant-asti-agriturismo\/#breadcrumb\"},\"inLanguage\":\"de-DE\",\"potentialAction\":[{\"@type\":\"ReadAction\",\"target\":[\"https:\/\/cascinavignole.com\/de\/restaurant-asti-agriturismo\/\"]}]},{\"@type\":\"BreadcrumbList\",\"@id\":\"https:\/\/cascinavignole.com\/de\/restaurant-asti-agriturismo\/#breadcrumb\",\"itemListElement\":[{\"@type\":\"ListItem\",\"position\":1,\"name\":\"Home\",\"item\":\"https:\/\/cascinavignole.com\/de\/\"},{\"@type\":\"ListItem\",\"position\":2,\"name\":\"Restaurant\"}]}]}<\/script>\n<!-- \/ Yoast SEO plugin. -->","yoast_head_json":{"title":"Restaurant - Agriturismo Asti Cascina Vignole","robots":{"index":"index","follow":"follow","max-snippet":"max-snippet:-1","max-image-preview":"max-image-preview:large","max-video-preview":"max-video-preview:-1"},"canonical":"https:\/\/cascinavignole.com\/de\/restaurant-asti-agriturismo\/","og_locale":"de_DE","og_type":"article","og_title":"Restaurant - Agriturismo Asti Cascina Vignole","og_description":"[vc_row css_animation=&#8220;&#8220; row_type=&#8220;row&#8220; use_row_as_full_screen_section=&#8220;no&#8220; type=&#8220;grid&#8220; angled_section=&#8220;no&#8220; text_align=&#8220;center&#8220; background_image_as_pattern=&#8220;without_pattern&#8220; css=&#8220;.vc_custom_1478162832494{padding-top: 80px !important;}&#8220;][vc_column][vc_empty_space height=&#8220;26px&#8220;][vc_column_text] das Restaurant mit typischer K\u00fcche [\/vc_column_text][vc_empty_space height=&#8220;25px&#8220;][vc_column_text] von uns mit Liebe nach traditioneller Art zubereitet [\/vc_column_text][vc_row_inner row_type=&#8220;row&#8220; type=&#8220;full_width&#8220; text_align=&#8220;left&#8220; css_animation=&#8220;&#8220; css=&#8220;.vc_custom_1648727468016{padding-top: 50px !important;padding-bottom: 50px !important;}&#8220;][vc_column_inner width=&#8220;1\/2&#8243;][vc_column_text]Im Restaurant probieren Sie typische Gerichte der piemontesischen...","og_url":"https:\/\/cascinavignole.com\/de\/restaurant-asti-agriturismo\/","og_site_name":"Agriturismo Asti Cascina Vignole","article_modified_time":"2022-04-26T12:39:48+00:00","twitter_card":"summary_large_image","twitter_misc":{"Gesch\u00e4tzte Lesezeit":"1 Minute"},"schema":{"@context":"https:\/\/schema.org","@graph":[{"@type":"WebSite","@id":"https:\/\/cascinavignole.com\/#website","url":"https:\/\/cascinavignole.com\/","name":"Agriturismo Asti Cascina Vignole","description":"Agriturismo Asti","potentialAction":[{"@type":"SearchAction","target":{"@type":"EntryPoint","urlTemplate":"https:\/\/cascinavignole.com\/?s={search_term_string}"},"query-input":"required name=search_term_string"}],"inLanguage":"de-DE"},{"@type":"WebPage","@id":"https:\/\/cascinavignole.com\/de\/restaurant-asti-agriturismo\/#webpage","url":"https:\/\/cascinavignole.com\/de\/restaurant-asti-agriturismo\/","name":"Restaurant - Agriturismo Asti Cascina Vignole","isPartOf":{"@id":"https:\/\/cascinavignole.com\/#website"},"datePublished":"2016-11-03T08:38:06+00:00","dateModified":"2022-04-26T12:39:48+00:00","breadcrumb":{"@id":"https:\/\/cascinavignole.com\/de\/restaurant-asti-agriturismo\/#breadcrumb"},"inLanguage":"de-DE","potentialAction":[{"@type":"ReadAction","target":["https:\/\/cascinavignole.com\/de\/restaurant-asti-agriturismo\/"]}]},{"@type":"BreadcrumbList","@id":"https:\/\/cascinavignole.com\/de\/restaurant-asti-agriturismo\/#breadcrumb","itemListElement":[{"@type":"ListItem","position":1,"name":"Home","item":"https:\/\/cascinavignole.com\/de\/"},{"@type":"ListItem","position":2,"name":"Restaurant"}]}]}},"_links":{"self":[{"href":"https:\/\/cascinavignole.com\/de\/wp-json\/wp\/v2\/pages\/1122"}],"collection":[{"href":"https:\/\/cascinavignole.com\/de\/wp-json\/wp\/v2\/pages"}],"about":[{"href":"https:\/\/cascinavignole.com\/de\/wp-json\/wp\/v2\/types\/page"}],"author":[{"embeddable":true,"href":"https:\/\/cascinavignole.com\/de\/wp-json\/wp\/v2\/users\/1"}],"replies":[{"embeddable":true,"href":"https:\/\/cascinavignole.com\/de\/wp-json\/wp\/v2\/comments?post=1122"}],"version-history":[{"count":3,"href":"https:\/\/cascinavignole.com\/de\/wp-json\/wp\/v2\/pages\/1122\/revisions"}],"predecessor-version":[{"id":1128,"href":"https:\/\/cascinavignole.com\/de\/wp-json\/wp\/v2\/pages\/1122\/revisions\/1128"}],"wp:attachment":[{"href":"https:\/\/cascinavignole.com\/de\/wp-json\/wp\/v2\/media?parent=1122"}],"curies":[{"name":"wp","href":"https:\/\/api.w.org\/{rel}","templated":true}]}}