{"id":1023,"date":"2022-03-31T12:08:12","date_gmt":"2022-03-31T12:08:12","guid":{"rendered":"https:\/\/cascinavignole.com\/cascina-vignole-agriturismo\/"},"modified":"2022-04-22T13:18:54","modified_gmt":"2022-04-22T13:18:54","slug":"cascina-vignole-agriturismo","status":"publish","type":"page","link":"https:\/\/cascinavignole.com\/de\/cascina-vignole-agriturismo\/","title":{"rendered":"Cascina Vignole"},"content":{"rendered":"<p>[vc_row css_animation=&#8220;&#8220; row_type=&#8220;row&#8220; use_row_as_full_screen_section=&#8220;no&#8220; type=&#8220;grid&#8220; angled_section=&#8220;no&#8220; text_align=&#8220;center&#8220; background_image_as_pattern=&#8220;without_pattern&#8220; css=&#8220;.vc_custom_1478162832494{padding-top: 80px !important;}&#8220;][vc_column][vc_row_inner row_type=&#8220;row&#8220; type=&#8220;full_width&#8220; text_align=&#8220;left&#8220; css_animation=&#8220;&#8220;][vc_column_inner][vc_column_text]<\/p>\n<h2 style=\"text-align: left;\">Agriturismo Cascina Vignole<\/h2>\n<p>[\/vc_column_text][vc_empty_space height=&#8220;25px&#8220;][vc_column_text]<\/p>\n<h3 style=\"text-align: left;\">Ihr Urlaubshotel bei Asti im Piemont<\/h3>\n<p>[\/vc_column_text][vc_empty_space height=&#8220;25px&#8220;][vc_column_text]Genie\u00dfen Sie traditionelle Gastlichkeit, modernste Qualit\u00e4tsstandards und zuvorkommenden Service im Hotel. Unsere vierzehn komfortabel ausgestatteten Zimmer lassen keinen Wunsch offen. Viele unserer G\u00e4ste sind zufriedene Stammg\u00e4ste, denn wer sich wohl f\u00fchlt, kommt gerne wieder. Probieren Sie es aus![\/vc_column_text][\/vc_column_inner][\/vc_row_inner][vc_row_inner row_type=&#8220;row&#8220; type=&#8220;full_width&#8220; text_align=&#8220;left&#8220; css_animation=&#8220;&#8220; css=&#8220;.vc_custom_1648727468016{padding-top: 50px !important;padding-bottom: 50px !important;}&#8220;][vc_column_inner width=&#8220;1\/2&#8243;][vc_single_image image=&#8220;864&#8243; img_size=&#8220;full&#8220; style=&#8220;vc_box_shadow_border&#8220; qode_css_animation=&#8220;&#8220;][\/vc_column_inner][vc_column_inner width=&#8220;1\/2&#8243;][vc_text_separator title=&#8220;Sono Teresa, ich bin Teresa.&#8220; title_align=&#8220;separator_align_left&#8220; border=&#8220;no&#8220;][vc_empty_space height=&#8220;26px&#8220;][vc_column_text]Mit mir fing alles an im Piemont, d.h. genauer mit meiner Familie. Ich bin hier aufgewachsen in Montafia, mitten im Herzen des Monferrato. Nach Auszug in die Welt u.a. mit Studium und Leben in M\u00fcnchen zog ich mit Hans dann zu Beginn des Milleniums in meine Heimat zur\u00fcck \u2013 zusammen mit der Vision von einem Ort, an dem Deutsche und Italiener in einer wunderbaren Region mit gutem Essen und Wein zusammenkommen und unabh\u00e4ngig von Sprache und Kultur miteinander eine sch\u00f6ne Zeit verbringen. Der Plan ist gescheitert: es kamen nicht nur deutsche und schweizer Urlauber sondern japanische Gesch\u00e4ftsleute, amerikanische Schauspieler, holl\u00e4ndische Komiker und sogar die neuseel\u00e4ndische Basketballnationalmannschaft! Mit der Verst\u00e4ndigung klappt es trotzdem immer hervorragend, notfalls mit H\u00e4nden und F\u00fc\u00dfen und befl\u00fcgelt durch piemontesisches Essen, Wein und die gute Luft. Und ich freue mich jedes mal aufs Neue, wenn es abends dann pl\u00f6tzlich mal ganz ruhig wird \u2013 weil\u00b4s schmeckt!<\/p>\n<p>[\/vc_column_text][\/vc_column_inner][\/vc_row_inner][vc_row_inner row_type=&#8220;row&#8220; type=&#8220;full_width&#8220; text_align=&#8220;left&#8220; css_animation=&#8220;&#8220; css=&#8220;.vc_custom_1648728658856{padding-bottom: 50px !important;}&#8220;][vc_column_inner width=&#8220;1\/2&#8243;][vc_text_separator title=&#8220;Gr\u00fc\u00df Gott, ich bin Hans.&#8220; title_align=&#8220;separator_align_left&#8220; border=&#8220;no&#8220;][vc_empty_space height=&#8220;26px&#8220;][vc_column_text]<\/p>\n<section class=\"elementor-section elementor-top-section elementor-element elementor-element-40490b0 elementor-section-boxed elementor-section-height-default elementor-section-height-default\" data-id=\"40490b0\" data-element_type=\"section\">\n<div class=\"elementor-container elementor-column-gap-default\">\n<div class=\"elementor-column elementor-col-100 elementor-top-column elementor-element elementor-element-c432b0a\" data-id=\"c432b0a\" data-element_type=\"column\">\n<div class=\"elementor-widget-wrap elementor-element-populated\">\n<section class=\"elementor-section elementor-inner-section elementor-element elementor-element-95a1462 elementor-section-boxed elementor-section-height-default elementor-section-height-default\" data-id=\"95a1462\" data-element_type=\"section\">\n<div class=\"elementor-container elementor-column-gap-default\">\n<div class=\"elementor-column elementor-col-50 elementor-inner-column elementor-element elementor-element-ccac373\" data-id=\"ccac373\" data-element_type=\"column\">\n<div class=\"elementor-widget-wrap elementor-element-populated\">\n<div class=\"elementor-element elementor-element-236b830 elementor-widget elementor-widget-text-editor\" data-id=\"236b830\" data-element_type=\"widget\" data-widget_type=\"text-editor.default\">\n<div class=\"elementor-widget-container\">\n<div class=\"elementor-text-editor elementor-clearfix\">\n<p>In Bayern geboren und aufgewachsen musste ich die ganze Welt \u00fcberwiegend mit dem Boot erkunden um dann in meine Heimat zur\u00fcckzukehren und festzustellen, dass es gar nicht so weit weg hinter den Bergen den sch\u00f6nsten Platz f\u00fcr mich gibt: Im Piemont bin ich auch ohne Meerwasseranschluss sesshaft geworden. Der Umbau des elterlichen Grundst\u00fccks meiner Frau in einen modernen und doch sehr behaglichen Agriturismo verbunden mit den selbst angebauten Produkten f\u00fchrte zu meinem wahr gewordenen Traum: Zusammen mit meiner Familie Freude und guten Geschmack verbreiten! Ich liebe die wunderbare Stimmung beim gemeinsamen Abendessen (cena) mit den G\u00e4sten (und oft schon Freunden) mit Spezialit\u00e4ten der Region wie z.B. Tr\u00fcffel, Pasta, formaggio und dolce, begleitet von ausgezeichneten Weinen aus der Langhe und dem Roero. Und wenn zwischendurch eine meiner kleinen legend\u00e4ren Anekdoten z\u00fcndet, bin ich im Himmel fast schon wie der Alois.<\/p>\n<\/div>\n<\/div>\n<\/div>\n<\/div>\n<\/div>\n<\/div>\n<\/section>\n<\/div>\n<\/div>\n<\/div>\n<\/section>\n<section class=\"elementor-section elementor-top-section elementor-element elementor-element-21433d6 elementor-section-boxed elementor-section-height-default elementor-section-height-default\" data-id=\"21433d6\" data-element_type=\"section\">\n<div class=\"elementor-container elementor-column-gap-default\">\n<div class=\"elementor-column elementor-col-100 elementor-top-column elementor-element elementor-element-ba4b3de\" data-id=\"ba4b3de\" data-element_type=\"column\">\n<div class=\"elementor-widget-wrap elementor-element-populated\">\n<div class=\"elementor-element elementor-element-2f74c56 elementor-widget elementor-widget-spacer\" data-id=\"2f74c56\" data-element_type=\"widget\" data-widget_type=\"spacer.default\">\n<div class=\"elementor-widget-container\">\n<div class=\"elementor-spacer\"><\/div>\n<\/div>\n<\/div>\n<\/div>\n<\/div>\n<\/div>\n<\/section>\n<p>[\/vc_column_text][\/vc_column_inner][vc_column_inner width=&#8220;1\/2&#8243;][vc_single_image image=&#8220;866&#8243; img_size=&#8220;full&#8220; style=&#8220;vc_box_shadow_border&#8220; qode_css_animation=&#8220;&#8220;][\/vc_column_inner][\/vc_row_inner][vc_row_inner row_type=&#8220;row&#8220; type=&#8220;full_width&#8220; text_align=&#8220;left&#8220; css_animation=&#8220;&#8220; css=&#8220;.vc_custom_1648728658856{padding-bottom: 50px !important;}&#8220;][vc_column_inner width=&#8220;1\/2&#8243;][vc_single_image image=&#8220;868&#8243; img_size=&#8220;full&#8220; style=&#8220;vc_box_shadow_border&#8220; qode_css_animation=&#8220;&#8220;][\/vc_column_inner][vc_column_inner width=&#8220;1\/2&#8243;][vc_text_separator title=&#8220;Christopher &#8211; Sommelier &amp; Tr\u00fcffelexperte&#8220; title_align=&#8220;separator_align_left&#8220; border=&#8220;no&#8220;][vc_empty_space height=&#8220;26px&#8220;][vc_column_text]<\/p>\n<div class=\"elementor-column elementor-col-50 elementor-inner-column elementor-element elementor-element-c9f6762\" data-id=\"c9f6762\" data-element_type=\"column\">\n<div class=\"elementor-widget-wrap elementor-element-populated\">\n<div class=\"elementor-element elementor-element-844634a elementor-widget elementor-widget-text-editor\" data-id=\"844634a\" data-element_type=\"widget\" data-widget_type=\"text-editor.default\">\n<div class=\"elementor-widget-container\">\n<div class=\"elementor-text-editor elementor-clearfix\">\n<p>Der Junior ist Tr\u00fcffelsucher und macht euch mit der magischen Trueffelwelt bekannt eine schoene trueffelsuche in die naheliegenden Waelder und anschlliessend ein Trueffelgang vom feinsten ist eine Reise ins Piemont wert.<\/p>\n<\/div>\n<\/div>\n<\/div>\n<\/div>\n<\/div>\n<div class=\"elementor-column elementor-col-50 elementor-inner-column elementor-element elementor-element-0aa832e\" data-id=\"0aa832e\" data-element_type=\"column\">\n<div class=\"elementor-widget-wrap elementor-element-populated\">\n<div class=\"elementor-element elementor-element-3011397 elementor-widget elementor-widget-image\" data-id=\"3011397\" data-element_type=\"widget\" data-widget_type=\"image.default\">\n<div class=\"elementor-widget-container\"><\/div>\n<\/div>\n<\/div>\n<\/div>\n<p>[\/vc_column_text][\/vc_column_inner][\/vc_row_inner][\/vc_column][\/vc_row]<\/p>\n","protected":false},"excerpt":{"rendered":"<p>[vc_row css_animation=&#8220;&#8220; row_type=&#8220;row&#8220; use_row_as_full_screen_section=&#8220;no&#8220; type=&#8220;grid&#8220; angled_section=&#8220;no&#8220; text_align=&#8220;center&#8220; background_image_as_pattern=&#8220;without_pattern&#8220; css=&#8220;.vc_custom_1478162832494{padding-top: 80px !important;}&#8220;][vc_column][vc_row_inner row_type=&#8220;row&#8220; type=&#8220;full_width&#8220; text_align=&#8220;left&#8220; css_animation=&#8220;&#8220;][vc_column_inner][vc_column_text] Agriturismo Cascina Vignole [\/vc_column_text][vc_empty_space height=&#8220;25px&#8220;][vc_column_text] Ihr Urlaubshotel bei Asti im Piemont [\/vc_column_text][vc_empty_space height=&#8220;25px&#8220;][vc_column_text]Genie\u00dfen Sie traditionelle Gastlichkeit, modernste Qualit\u00e4tsstandards und zuvorkommenden Service im Hotel. Unsere vierzehn komfortabel ausgestatteten Zimmer lassen keinen&#8230;<\/p>\n","protected":false},"author":1,"featured_media":0,"parent":0,"menu_order":0,"comment_status":"closed","ping_status":"closed","template":"full_width.php","meta":[],"yoast_head":"<!-- This site is optimized with the Yoast SEO plugin v18.9 - https:\/\/yoast.com\/wordpress\/plugins\/seo\/ -->\n<title>Cascina Vignole - Agriturismo Asti Cascina Vignole<\/title>\n<meta name=\"robots\" content=\"index, follow, max-snippet:-1, max-image-preview:large, max-video-preview:-1\" \/>\n<link rel=\"canonical\" href=\"https:\/\/cascinavignole.com\/de\/cascina-vignole-agriturismo\/\" \/>\n<meta property=\"og:locale\" content=\"de_DE\" \/>\n<meta property=\"og:type\" content=\"article\" \/>\n<meta property=\"og:title\" content=\"Cascina Vignole - Agriturismo Asti Cascina Vignole\" \/>\n<meta property=\"og:description\" content=\"[vc_row css_animation=&#8220;&#8220; row_type=&#8220;row&#8220; use_row_as_full_screen_section=&#8220;no&#8220; type=&#8220;grid&#8220; angled_section=&#8220;no&#8220; text_align=&#8220;center&#8220; background_image_as_pattern=&#8220;without_pattern&#8220; css=&#8220;.vc_custom_1478162832494{padding-top: 80px !important;}&#8220;][vc_column][vc_row_inner row_type=&#8220;row&#8220; type=&#8220;full_width&#8220; text_align=&#8220;left&#8220; css_animation=&#8220;&#8220;][vc_column_inner][vc_column_text] Agriturismo Cascina Vignole [\/vc_column_text][vc_empty_space height=&#8220;25px&#8220;][vc_column_text] Ihr Urlaubshotel bei Asti im Piemont [\/vc_column_text][vc_empty_space height=&#8220;25px&#8220;][vc_column_text]Genie\u00dfen Sie traditionelle Gastlichkeit, modernste Qualit\u00e4tsstandards und zuvorkommenden Service im Hotel. Unsere vierzehn komfortabel ausgestatteten Zimmer lassen keinen...\" \/>\n<meta property=\"og:url\" content=\"https:\/\/cascinavignole.com\/de\/cascina-vignole-agriturismo\/\" \/>\n<meta property=\"og:site_name\" content=\"Agriturismo Asti Cascina Vignole\" \/>\n<meta property=\"article:modified_time\" content=\"2022-04-22T13:18:54+00:00\" \/>\n<meta name=\"twitter:card\" content=\"summary_large_image\" \/>\n<meta name=\"twitter:label1\" content=\"Gesch\u00e4tzte Lesezeit\" \/>\n\t<meta name=\"twitter:data1\" content=\"4 Minuten\" \/>\n<script type=\"application\/ld+json\" class=\"yoast-schema-graph\">{\"@context\":\"https:\/\/schema.org\",\"@graph\":[{\"@type\":\"WebSite\",\"@id\":\"https:\/\/cascinavignole.com\/#website\",\"url\":\"https:\/\/cascinavignole.com\/\",\"name\":\"Agriturismo Asti Cascina Vignole\",\"description\":\"Agriturismo Asti\",\"potentialAction\":[{\"@type\":\"SearchAction\",\"target\":{\"@type\":\"EntryPoint\",\"urlTemplate\":\"https:\/\/cascinavignole.com\/?s={search_term_string}\"},\"query-input\":\"required name=search_term_string\"}],\"inLanguage\":\"de-DE\"},{\"@type\":\"WebPage\",\"@id\":\"https:\/\/cascinavignole.com\/de\/cascina-vignole-agriturismo\/#webpage\",\"url\":\"https:\/\/cascinavignole.com\/de\/cascina-vignole-agriturismo\/\",\"name\":\"Cascina Vignole - Agriturismo Asti Cascina Vignole\",\"isPartOf\":{\"@id\":\"https:\/\/cascinavignole.com\/#website\"},\"datePublished\":\"2022-03-31T12:08:12+00:00\",\"dateModified\":\"2022-04-22T13:18:54+00:00\",\"breadcrumb\":{\"@id\":\"https:\/\/cascinavignole.com\/de\/cascina-vignole-agriturismo\/#breadcrumb\"},\"inLanguage\":\"de-DE\",\"potentialAction\":[{\"@type\":\"ReadAction\",\"target\":[\"https:\/\/cascinavignole.com\/de\/cascina-vignole-agriturismo\/\"]}]},{\"@type\":\"BreadcrumbList\",\"@id\":\"https:\/\/cascinavignole.com\/de\/cascina-vignole-agriturismo\/#breadcrumb\",\"itemListElement\":[{\"@type\":\"ListItem\",\"position\":1,\"name\":\"Home\",\"item\":\"https:\/\/cascinavignole.com\/de\/\"},{\"@type\":\"ListItem\",\"position\":2,\"name\":\"Cascina Vignole\"}]}]}<\/script>\n<!-- \/ Yoast SEO plugin. -->","yoast_head_json":{"title":"Cascina Vignole - Agriturismo Asti Cascina Vignole","robots":{"index":"index","follow":"follow","max-snippet":"max-snippet:-1","max-image-preview":"max-image-preview:large","max-video-preview":"max-video-preview:-1"},"canonical":"https:\/\/cascinavignole.com\/de\/cascina-vignole-agriturismo\/","og_locale":"de_DE","og_type":"article","og_title":"Cascina Vignole - Agriturismo Asti Cascina Vignole","og_description":"[vc_row css_animation=&#8220;&#8220; row_type=&#8220;row&#8220; use_row_as_full_screen_section=&#8220;no&#8220; type=&#8220;grid&#8220; angled_section=&#8220;no&#8220; text_align=&#8220;center&#8220; background_image_as_pattern=&#8220;without_pattern&#8220; css=&#8220;.vc_custom_1478162832494{padding-top: 80px !important;}&#8220;][vc_column][vc_row_inner row_type=&#8220;row&#8220; type=&#8220;full_width&#8220; text_align=&#8220;left&#8220; css_animation=&#8220;&#8220;][vc_column_inner][vc_column_text] Agriturismo Cascina Vignole [\/vc_column_text][vc_empty_space height=&#8220;25px&#8220;][vc_column_text] Ihr Urlaubshotel bei Asti im Piemont [\/vc_column_text][vc_empty_space height=&#8220;25px&#8220;][vc_column_text]Genie\u00dfen Sie traditionelle Gastlichkeit, modernste Qualit\u00e4tsstandards und zuvorkommenden Service im Hotel. Unsere vierzehn komfortabel ausgestatteten Zimmer lassen keinen...","og_url":"https:\/\/cascinavignole.com\/de\/cascina-vignole-agriturismo\/","og_site_name":"Agriturismo Asti Cascina Vignole","article_modified_time":"2022-04-22T13:18:54+00:00","twitter_card":"summary_large_image","twitter_misc":{"Gesch\u00e4tzte Lesezeit":"4 Minuten"},"schema":{"@context":"https:\/\/schema.org","@graph":[{"@type":"WebSite","@id":"https:\/\/cascinavignole.com\/#website","url":"https:\/\/cascinavignole.com\/","name":"Agriturismo Asti Cascina Vignole","description":"Agriturismo Asti","potentialAction":[{"@type":"SearchAction","target":{"@type":"EntryPoint","urlTemplate":"https:\/\/cascinavignole.com\/?s={search_term_string}"},"query-input":"required name=search_term_string"}],"inLanguage":"de-DE"},{"@type":"WebPage","@id":"https:\/\/cascinavignole.com\/de\/cascina-vignole-agriturismo\/#webpage","url":"https:\/\/cascinavignole.com\/de\/cascina-vignole-agriturismo\/","name":"Cascina Vignole - Agriturismo Asti Cascina Vignole","isPartOf":{"@id":"https:\/\/cascinavignole.com\/#website"},"datePublished":"2022-03-31T12:08:12+00:00","dateModified":"2022-04-22T13:18:54+00:00","breadcrumb":{"@id":"https:\/\/cascinavignole.com\/de\/cascina-vignole-agriturismo\/#breadcrumb"},"inLanguage":"de-DE","potentialAction":[{"@type":"ReadAction","target":["https:\/\/cascinavignole.com\/de\/cascina-vignole-agriturismo\/"]}]},{"@type":"BreadcrumbList","@id":"https:\/\/cascinavignole.com\/de\/cascina-vignole-agriturismo\/#breadcrumb","itemListElement":[{"@type":"ListItem","position":1,"name":"Home","item":"https:\/\/cascinavignole.com\/de\/"},{"@type":"ListItem","position":2,"name":"Cascina Vignole"}]}]}},"_links":{"self":[{"href":"https:\/\/cascinavignole.com\/de\/wp-json\/wp\/v2\/pages\/1023"}],"collection":[{"href":"https:\/\/cascinavignole.com\/de\/wp-json\/wp\/v2\/pages"}],"about":[{"href":"https:\/\/cascinavignole.com\/de\/wp-json\/wp\/v2\/types\/page"}],"author":[{"embeddable":true,"href":"https:\/\/cascinavignole.com\/de\/wp-json\/wp\/v2\/users\/1"}],"replies":[{"embeddable":true,"href":"https:\/\/cascinavignole.com\/de\/wp-json\/wp\/v2\/comments?post=1023"}],"version-history":[{"count":3,"href":"https:\/\/cascinavignole.com\/de\/wp-json\/wp\/v2\/pages\/1023\/revisions"}],"predecessor-version":[{"id":1031,"href":"https:\/\/cascinavignole.com\/de\/wp-json\/wp\/v2\/pages\/1023\/revisions\/1031"}],"wp:attachment":[{"href":"https:\/\/cascinavignole.com\/de\/wp-json\/wp\/v2\/media?parent=1023"}],"curies":[{"name":"wp","href":"https:\/\/api.w.org\/{rel}","templated":true}]}}