{"id":1004,"date":"2022-03-31T12:15:13","date_gmt":"2022-03-31T12:15:13","guid":{"rendered":"https:\/\/cascinavignole.com\/camere-prezzi-agriturismo-asti\/"},"modified":"2026-02-24T17:36:03","modified_gmt":"2026-02-24T17:36:03","slug":"camere-prezzi-agriturismo-asti","status":"publish","type":"page","link":"https:\/\/cascinavignole.com\/de\/camere-prezzi-agriturismo-asti\/","title":{"rendered":"Zimmer &#038; Preise"},"content":{"rendered":"<p>[vc_row css_animation=&#8220;&#8220; row_type=&#8220;row&#8220; use_row_as_full_screen_section=&#8220;no&#8220; type=&#8220;grid&#8220; angled_section=&#8220;no&#8220; text_align=&#8220;center&#8220; background_image_as_pattern=&#8220;without_pattern&#8220; css=&#8220;.vc_custom_1478162832494{padding-top: 80px !important;}&#8220;][vc_column][vc_row_inner row_type=&#8220;row&#8220; type=&#8220;full_width&#8220; text_align=&#8220;left&#8220; css_animation=&#8220;&#8220;][vc_column_inner][vc_column_text]<\/p>\n<h2 style=\"text-align: left;\">Urlaub in Asti zu erschwinglichen Preisen<\/h2>\n<p>[\/vc_column_text][vc_empty_space height=&#8220;25px&#8220;][vc_column_text]Unsere Zimmer sind hinsichtlich Komfort und Kommunikation bestens ausgestattet und bestechen durch ihre individuelle, komfortable und designorientierte Ausstattung. Das charmante Design und die gro\u00dfz\u00fcgigen B\u00e4der verleihen unseren Standardzimmern Gem\u00fctlichkeit und Gem\u00fctlichkeit plus eine pers\u00f6nliche Note. Sie werden keinen Komfort vermissen, Badezimmer mit WC und Dusche, Flachbildfernseher und kostenloses WLAN stehen Ihnen in jedem unserer Zimmer zur Verf\u00fcgung. Besonders beliebt ist unser ger\u00e4umiges Comfort Plus Zimmer. Am Nachmittag des Anreisetages ist Ihr Zimmer ab 15:00 Uhr bezugsfertig, am Abreisetag k\u00f6nnen Sie ebenfalls bis 11:00 Uhr schlafen und haben Ihr Notquartier.<\/p>\n<p>&nbsp;<\/p>\n<p>Doppelzimmer: 115 Euro pro Nacht inklusive Fr\u00fchst\u00fcck<br \/>\nDoppelzimmer zur Einzelnutzung: 95 Euro inklusive Fr\u00fchst\u00fcck<br \/>\nApartment: 140 Euro pro Tag ohne Fr\u00fchst\u00fcck (4 Personen)<br \/>\nApartment: 7 N\u00e4chte 700 Euro<br \/>\nKleine\/mittelgro\u00dfe Hunde: 5 Euro pro Tag<br \/>\nKinder 0 &#8211; 6 Jahre frei<br \/>\nZusatzbett: 25 Euro pro Erwachsener<\/p>\n<p>Halbpensionsmen\u00fc 38 Euro<\/p>\n<p>&nbsp;<\/p>\n<p><strong>Die Nutzung des Swimmingpools ist nur G\u00e4sten gestattet, die \u00fcber Nacht bleiben.<\/strong>[\/vc_column_text][\/vc_column_inner][\/vc_row_inner][vc_row_inner row_type=&#8220;row&#8220; type=&#8220;full_width&#8220; text_align=&#8220;left&#8220; css_animation=&#8220;&#8220; css=&#8220;.vc_custom_1648727468016{padding-top: 50px !important;padding-bottom: 50px !important;}&#8220;][vc_column_inner width=&#8220;1\/2&#8243; css=&#8220;.vc_custom_1648729394745{margin-right: 10px !important;padding-top: 20px !important;padding-right: 20px !important;padding-bottom: 20px !important;padding-left: 20px !important;background-color: #e5e5e5 !important;}&#8220;][vc_column_text]<\/p>\n<h1>Doppelzimmer<\/h1>\n<p>[\/vc_column_text][vc_empty_space height=&#8220;26px&#8220;][vc_column_text]Unsere Doppelzimmer befinden sich teilweise im Erdgeschoss und teilweise im ersten Stock. Wie alle Zimmer sind sie geschmackvoll im typischen Landhausstil eingerichtet<\/p>\n<p>&nbsp;<\/p>\n<p><strong>Zimmerausstattung:<\/strong> Tisch, Heizung, Dusche, F\u00f6n, WC, Badezimmer, Sat-TV, WLAN, Bett 1,60 x 2 Meter<\/p>\n<p>&nbsp;<\/p>\n<p><strong>Personenzahl:<\/strong> 2<\/p>\n<p><strong>Anzahl der Betten<\/strong>: 1[\/vc_column_text][vc_empty_space height=&#8220;15&#8243;]\n\n\t<a href=\"https:\/\/cascinavignole.com\/de\/reservierungen\/\" target=\"_self\" style=\"color: #ffffff;background-color: #932623\" class=\"qode-btn qode-btn-medium qode-btn-solid qode-btn-custom-hover-bg qode-btn-custom-hover-color qode-btn-default-hover\" data-hover-bg-color=\"#932623\" data-hover-color=\"#ffffff\" >\n\t    <span class=\"qode-btn-text\">Buchen Sie das Zimmer<\/span>\t<\/a>\n\n[\/vc_column_inner][vc_column_inner width=&#8220;1\/2&#8243; css=&#8220;.vc_custom_1648729558090{margin-left: 10px !important;padding-top: 20px !important;padding-right: 20px !important;padding-bottom: 20px !important;padding-left: 20px !important;background-color: #e5e5e5 !important;}&#8220;][vc_column_text]<\/p>\n<h1>Familienzimmer<\/h1>\n<p>[\/vc_column_text][vc_empty_space height=&#8220;26px&#8220;][vc_column_text]Unsere Wohnung ist mit einer Wohnk\u00fcche und einem ausziehbaren Doppelbett ausgestattet. Das Hauptschlafzimmer ist separat.<\/p>\n<p>&nbsp;<\/p>\n<p><strong>Zimmerausstattung<\/strong>: Tisch, Heizung, Dusche, F\u00f6n, WC, Badezimmer, Flat-TV, WLAN, Bett 1,60 x 2 Meter. Das Zimmer ist klimatisiert (individuell regulierbar, kalt und warm), verf\u00fcgt \u00fcber K\u00fchlschrank, Mikrowelle, Elektroherd, Sat-TV, Dusche, WC und Bidet.<\/p>\n<p>&nbsp;<\/p>\n<p><strong>Personenzahl<\/strong>: 4<\/p>\n<p><strong>Anzahl der Betten<\/strong>: 2[\/vc_column_text][vc_empty_space height=&#8220;15&#8243;]\n\n\t<a href=\"https:\/\/cascinavignole.com\/de\/reservierungen\/\" target=\"_self\" style=\"color: #ffffff;background-color: #932623\" class=\"qode-btn qode-btn-medium qode-btn-solid qode-btn-custom-hover-bg qode-btn-custom-hover-color qode-btn-default-hover\" data-hover-bg-color=\"#932623\" data-hover-color=\"#ffffff\" >\n\t    <span class=\"qode-btn-text\">Buchen Sie das Zimmer<\/span>\t<\/a>\n\n[\/vc_column_inner][\/vc_row_inner][vc_row_inner row_type=&#8220;row&#8220; type=&#8220;full_width&#8220; text_align=&#8220;left&#8220; css_animation=&#8220;&#8220;][vc_column_inner][\/vc_column_inner][\/vc_row_inner][\/vc_column][\/vc_row]<\/p>\n","protected":false},"excerpt":{"rendered":"<p>[vc_row css_animation=&#8220;&#8220; row_type=&#8220;row&#8220; use_row_as_full_screen_section=&#8220;no&#8220; type=&#8220;grid&#8220; angled_section=&#8220;no&#8220; text_align=&#8220;center&#8220; background_image_as_pattern=&#8220;without_pattern&#8220; css=&#8220;.vc_custom_1478162832494{padding-top: 80px !important;}&#8220;][vc_column][vc_row_inner row_type=&#8220;row&#8220; type=&#8220;full_width&#8220; text_align=&#8220;left&#8220; css_animation=&#8220;&#8220;][vc_column_inner][vc_column_text] Urlaub in Asti zu erschwinglichen Preisen [\/vc_column_text][vc_empty_space height=&#8220;25px&#8220;][vc_column_text]Unsere Zimmer sind hinsichtlich Komfort und Kommunikation bestens ausgestattet und bestechen durch ihre individuelle, komfortable und designorientierte Ausstattung. Das charmante Design und die&#8230;<\/p>\n","protected":false},"author":1,"featured_media":0,"parent":0,"menu_order":0,"comment_status":"closed","ping_status":"closed","template":"full_width.php","meta":[],"yoast_head":"<!-- This site is optimized with the Yoast SEO plugin v18.9 - https:\/\/yoast.com\/wordpress\/plugins\/seo\/ -->\n<title>Zimmer &amp; Preise - Agriturismo Asti Cascina Vignole<\/title>\n<meta name=\"robots\" content=\"index, follow, max-snippet:-1, max-image-preview:large, max-video-preview:-1\" \/>\n<link rel=\"canonical\" href=\"https:\/\/cascinavignole.com\/de\/camere-prezzi-agriturismo-asti\/\" \/>\n<meta property=\"og:locale\" content=\"de_DE\" \/>\n<meta property=\"og:type\" content=\"article\" \/>\n<meta property=\"og:title\" content=\"Zimmer &amp; Preise - Agriturismo Asti Cascina Vignole\" \/>\n<meta property=\"og:description\" content=\"[vc_row css_animation=&#8220;&#8220; row_type=&#8220;row&#8220; use_row_as_full_screen_section=&#8220;no&#8220; type=&#8220;grid&#8220; angled_section=&#8220;no&#8220; text_align=&#8220;center&#8220; background_image_as_pattern=&#8220;without_pattern&#8220; css=&#8220;.vc_custom_1478162832494{padding-top: 80px !important;}&#8220;][vc_column][vc_row_inner row_type=&#8220;row&#8220; type=&#8220;full_width&#8220; text_align=&#8220;left&#8220; css_animation=&#8220;&#8220;][vc_column_inner][vc_column_text] Urlaub in Asti zu erschwinglichen Preisen [\/vc_column_text][vc_empty_space height=&#8220;25px&#8220;][vc_column_text]Unsere Zimmer sind hinsichtlich Komfort und Kommunikation bestens ausgestattet und bestechen durch ihre individuelle, komfortable und designorientierte Ausstattung. Das charmante Design und die...\" \/>\n<meta property=\"og:url\" content=\"https:\/\/cascinavignole.com\/de\/camere-prezzi-agriturismo-asti\/\" \/>\n<meta property=\"og:site_name\" content=\"Agriturismo Asti Cascina Vignole\" \/>\n<meta property=\"article:modified_time\" content=\"2026-02-24T17:36:03+00:00\" \/>\n<meta name=\"twitter:card\" content=\"summary_large_image\" \/>\n<meta name=\"twitter:label1\" content=\"Gesch\u00e4tzte Lesezeit\" \/>\n\t<meta name=\"twitter:data1\" content=\"2 Minuten\" \/>\n<script type=\"application\/ld+json\" class=\"yoast-schema-graph\">{\"@context\":\"https:\/\/schema.org\",\"@graph\":[{\"@type\":\"WebSite\",\"@id\":\"https:\/\/cascinavignole.com\/#website\",\"url\":\"https:\/\/cascinavignole.com\/\",\"name\":\"Agriturismo Asti Cascina Vignole\",\"description\":\"Agriturismo Asti\",\"potentialAction\":[{\"@type\":\"SearchAction\",\"target\":{\"@type\":\"EntryPoint\",\"urlTemplate\":\"https:\/\/cascinavignole.com\/?s={search_term_string}\"},\"query-input\":\"required name=search_term_string\"}],\"inLanguage\":\"de-DE\"},{\"@type\":\"WebPage\",\"@id\":\"https:\/\/cascinavignole.com\/de\/camere-prezzi-agriturismo-asti\/#webpage\",\"url\":\"https:\/\/cascinavignole.com\/de\/camere-prezzi-agriturismo-asti\/\",\"name\":\"Zimmer & Preise - Agriturismo Asti Cascina Vignole\",\"isPartOf\":{\"@id\":\"https:\/\/cascinavignole.com\/#website\"},\"datePublished\":\"2022-03-31T12:15:13+00:00\",\"dateModified\":\"2026-02-24T17:36:03+00:00\",\"breadcrumb\":{\"@id\":\"https:\/\/cascinavignole.com\/de\/camere-prezzi-agriturismo-asti\/#breadcrumb\"},\"inLanguage\":\"de-DE\",\"potentialAction\":[{\"@type\":\"ReadAction\",\"target\":[\"https:\/\/cascinavignole.com\/de\/camere-prezzi-agriturismo-asti\/\"]}]},{\"@type\":\"BreadcrumbList\",\"@id\":\"https:\/\/cascinavignole.com\/de\/camere-prezzi-agriturismo-asti\/#breadcrumb\",\"itemListElement\":[{\"@type\":\"ListItem\",\"position\":1,\"name\":\"Home\",\"item\":\"https:\/\/cascinavignole.com\/de\/\"},{\"@type\":\"ListItem\",\"position\":2,\"name\":\"Zimmer &#038; Preise\"}]}]}<\/script>\n<!-- \/ Yoast SEO plugin. -->","yoast_head_json":{"title":"Zimmer & Preise - Agriturismo Asti Cascina Vignole","robots":{"index":"index","follow":"follow","max-snippet":"max-snippet:-1","max-image-preview":"max-image-preview:large","max-video-preview":"max-video-preview:-1"},"canonical":"https:\/\/cascinavignole.com\/de\/camere-prezzi-agriturismo-asti\/","og_locale":"de_DE","og_type":"article","og_title":"Zimmer & Preise - Agriturismo Asti Cascina Vignole","og_description":"[vc_row css_animation=&#8220;&#8220; row_type=&#8220;row&#8220; use_row_as_full_screen_section=&#8220;no&#8220; type=&#8220;grid&#8220; angled_section=&#8220;no&#8220; text_align=&#8220;center&#8220; background_image_as_pattern=&#8220;without_pattern&#8220; css=&#8220;.vc_custom_1478162832494{padding-top: 80px !important;}&#8220;][vc_column][vc_row_inner row_type=&#8220;row&#8220; type=&#8220;full_width&#8220; text_align=&#8220;left&#8220; css_animation=&#8220;&#8220;][vc_column_inner][vc_column_text] Urlaub in Asti zu erschwinglichen Preisen [\/vc_column_text][vc_empty_space height=&#8220;25px&#8220;][vc_column_text]Unsere Zimmer sind hinsichtlich Komfort und Kommunikation bestens ausgestattet und bestechen durch ihre individuelle, komfortable und designorientierte Ausstattung. Das charmante Design und die...","og_url":"https:\/\/cascinavignole.com\/de\/camere-prezzi-agriturismo-asti\/","og_site_name":"Agriturismo Asti Cascina Vignole","article_modified_time":"2026-02-24T17:36:03+00:00","twitter_card":"summary_large_image","twitter_misc":{"Gesch\u00e4tzte Lesezeit":"2 Minuten"},"schema":{"@context":"https:\/\/schema.org","@graph":[{"@type":"WebSite","@id":"https:\/\/cascinavignole.com\/#website","url":"https:\/\/cascinavignole.com\/","name":"Agriturismo Asti Cascina Vignole","description":"Agriturismo Asti","potentialAction":[{"@type":"SearchAction","target":{"@type":"EntryPoint","urlTemplate":"https:\/\/cascinavignole.com\/?s={search_term_string}"},"query-input":"required name=search_term_string"}],"inLanguage":"de-DE"},{"@type":"WebPage","@id":"https:\/\/cascinavignole.com\/de\/camere-prezzi-agriturismo-asti\/#webpage","url":"https:\/\/cascinavignole.com\/de\/camere-prezzi-agriturismo-asti\/","name":"Zimmer & Preise - Agriturismo Asti Cascina Vignole","isPartOf":{"@id":"https:\/\/cascinavignole.com\/#website"},"datePublished":"2022-03-31T12:15:13+00:00","dateModified":"2026-02-24T17:36:03+00:00","breadcrumb":{"@id":"https:\/\/cascinavignole.com\/de\/camere-prezzi-agriturismo-asti\/#breadcrumb"},"inLanguage":"de-DE","potentialAction":[{"@type":"ReadAction","target":["https:\/\/cascinavignole.com\/de\/camere-prezzi-agriturismo-asti\/"]}]},{"@type":"BreadcrumbList","@id":"https:\/\/cascinavignole.com\/de\/camere-prezzi-agriturismo-asti\/#breadcrumb","itemListElement":[{"@type":"ListItem","position":1,"name":"Home","item":"https:\/\/cascinavignole.com\/de\/"},{"@type":"ListItem","position":2,"name":"Zimmer &#038; Preise"}]}]}},"_links":{"self":[{"href":"https:\/\/cascinavignole.com\/de\/wp-json\/wp\/v2\/pages\/1004"}],"collection":[{"href":"https:\/\/cascinavignole.com\/de\/wp-json\/wp\/v2\/pages"}],"about":[{"href":"https:\/\/cascinavignole.com\/de\/wp-json\/wp\/v2\/types\/page"}],"author":[{"embeddable":true,"href":"https:\/\/cascinavignole.com\/de\/wp-json\/wp\/v2\/users\/1"}],"replies":[{"embeddable":true,"href":"https:\/\/cascinavignole.com\/de\/wp-json\/wp\/v2\/comments?post=1004"}],"version-history":[{"count":8,"href":"https:\/\/cascinavignole.com\/de\/wp-json\/wp\/v2\/pages\/1004\/revisions"}],"predecessor-version":[{"id":1335,"href":"https:\/\/cascinavignole.com\/de\/wp-json\/wp\/v2\/pages\/1004\/revisions\/1335"}],"wp:attachment":[{"href":"https:\/\/cascinavignole.com\/de\/wp-json\/wp\/v2\/media?parent=1004"}],"curies":[{"name":"wp","href":"https:\/\/api.w.org\/{rel}","templated":true}]}}